{"id":136443,"date":"2025-08-26T12:01:42","date_gmt":"2025-08-26T10:01:42","guid":{"rendered":"https:\/\/bacderodasport.com\/?page_id=136443"},"modified":"2025-11-26T18:04:47","modified_gmt":"2025-11-26T16:04:47","slug":"mapa-sitio","status":"publish","type":"page","link":"https:\/\/bacderodasport.com\/es\/mapa-sitio\/","title":{"rendered":"Mapa del sitio"},"content":{"rendered":"\t\t<div data-elementor-type=\"wp-page\" data-elementor-id=\"136443\" class=\"elementor elementor-136443 elementor-136431\" data-elementor-post-type=\"page\">\n\t\t\t\t<div class=\"elementor-element elementor-element-7f3000ad e-flex e-con-boxed e-con e-parent\" data-id=\"7f3000ad\" data-element_type=\"container\" data-e-type=\"container\">\n\t\t\t\t\t<div class=\"e-con-inner\">\n\t\t\t\t<div class=\"elementor-element elementor-element-49d09c94 elementor-widget elementor-widget-heading\" data-id=\"49d09c94\" data-element_type=\"widget\" data-e-type=\"widget\" data-widget_type=\"heading.default\">\n\t\t\t\t<div class=\"elementor-widget-container\">\n\t\t\t\t\t<h1 class=\"elementor-heading-title elementor-size-default\">Mapa del sitio<\/h1>\t\t\t\t<\/div>\n\t\t\t\t<\/div>\n\t\t\t\t<div class=\"elementor-element elementor-element-5f8050b4 elementor-widget-divider--view-line elementor-widget elementor-widget-divider\" data-id=\"5f8050b4\" data-element_type=\"widget\" data-e-type=\"widget\" data-widget_type=\"divider.default\">\n\t\t\t\t<div class=\"elementor-widget-container\">\n\t\t\t\t\t\t\t<div class=\"elementor-divider\">\n\t\t\t<span class=\"elementor-divider-separator\">\n\t\t\t\t\t\t<\/span>\n\t\t<\/div>\n\t\t\t\t\t\t<\/div>\n\t\t\t\t<\/div>\n\t\t\t\t\t<\/div>\n\t\t\t\t<\/div>\n\t\t<div class=\"elementor-element elementor-element-7e573900 e-flex e-con-boxed e-con e-parent\" data-id=\"7e573900\" data-element_type=\"container\" data-e-type=\"container\" data-settings=\"{&quot;background_background&quot;:&quot;classic&quot;}\">\n\t\t\t\t\t<div class=\"e-con-inner\">\n\t\t<div class=\"elementor-element elementor-element-4d2f6904 e-con-full e-flex e-con e-child\" data-id=\"4d2f6904\" data-element_type=\"container\" data-e-type=\"container\">\n\t\t\t\t<div class=\"elementor-element elementor-element-79667a92 elementor-widget elementor-widget-text-editor\" data-id=\"79667a92\" data-element_type=\"widget\" data-e-type=\"widget\" data-widget_type=\"text-editor.default\">\n\t\t\t\t<div class=\"elementor-widget-container\">\n\t\t\t\t\t\t\t\t\t<p><a href=\"https:\/\/bacderodasport.com\/es\/\">Inicio<\/a><\/p><p><a href=\"https:\/\/bacderodasport.com\/es\/gimnasio-bac-de-roda\/\">Con\u00f3cenos<\/a><\/p><p><a href=\"https:\/\/bacderodasport.com\/es\/actividades-fitness-natacion-adultos\/\">Actividades para adultos fitness y nataci\u00f3n<\/a><\/p><p><a href=\"https:\/\/bacderodasport.com\/es\/actividades-dirigidas\/\">Actividades dirigidas<\/a><\/p><p><a href=\"https:\/\/bacderodasport.com\/es\/actividades-extraescolares\/\">Actividades para ni\u00f1os y ni\u00f1as<\/a><\/p><p><a href=\"https:\/\/bacderodasport.com\/es\/area-de-clientes\/\">\u00c1rea de clientes<\/a><\/p><p><a href=\"https:\/\/bacderodasport.com\/es\/aviso-legal\/\">Aviso legal<\/a><\/p><p><a href=\"https:\/\/bacderodasport.com\/es\/otros-servicios\/\">Comodidad<\/a><\/p>\t\t\t\t\t\t\t\t<\/div>\n\t\t\t\t<\/div>\n\t\t\t\t<\/div>\n\t\t<div class=\"elementor-element elementor-element-7a97b5c6 e-con-full e-flex e-con e-child\" data-id=\"7a97b5c6\" data-element_type=\"container\" data-e-type=\"container\">\n\t\t\t\t<div class=\"elementor-element elementor-element-49dc63a6 elementor-widget elementor-widget-text-editor\" data-id=\"49dc63a6\" data-element_type=\"widget\" data-e-type=\"widget\" data-widget_type=\"text-editor.default\">\n\t\t\t\t<div class=\"elementor-widget-container\">\n\t\t\t\t\t\t\t\t\t<p><a href=\"https:\/\/bacderodasport.com\/es\/cycling\/\">Cycling<\/a><\/p><p><a href=\"https:\/\/bacderodasport.com\/es\/entrenador-personal\/\">Entrenador personal<\/a><\/p><p><a href=\"https:\/\/bacderodasport.com\/es\/equip\/\">Equipo<\/a><\/p><p><a href=\"https:\/\/bacderodasport.com\/es\/fisioterapia\/\">Fisioterapia<\/a><\/p><p><a href=\"https:\/\/bacderodasport.com\/es\/politica-de-cookies\/\">Pol\u00edtica de cookies<\/a><\/p><p><a href=\"https:\/\/bacderodasport.com\/es\/politica-privacitat\/\">Pol\u00edtica de privacidad<\/a><\/p><p><a href=\"https:\/\/bacderodasport.com\/es\/fiesta-cumpleanos\/\">Fiesta cumplea\u00f1os<\/a><\/p>\t\t\t\t\t\t\t\t<\/div>\n\t\t\t\t<\/div>\n\t\t\t\t<\/div>\n\t\t<div class=\"elementor-element elementor-element-1d9962ae e-con-full e-flex e-con e-child\" data-id=\"1d9962ae\" data-element_type=\"container\" data-e-type=\"container\">\n\t\t\t\t<div class=\"elementor-element elementor-element-20717e89 elementor-widget elementor-widget-text-editor\" data-id=\"20717e89\" data-element_type=\"widget\" data-e-type=\"widget\" data-widget_type=\"text-editor.default\">\n\t\t\t\t<div class=\"elementor-widget-container\">\n\t\t\t\t\t\t\t\t\t<p><a href=\"https:\/\/bacderodasport.com\/politica-de-vendes-i-devolucions\/\">Pol\u00edtica de ventas y devoluciones<\/a><\/p><p><a href=\"https:\/\/bacderodasport.com\/es\/trabaja-con-nosotros\/\">Trabaja con nosotros<\/a><\/p><p><a href=\"https:\/\/bacderodasport.com\/es\/pilates-reformer\/\">Pilates Reformer\u00a0<\/a><\/p><p><a href=\"https:\/\/bacderodasport.com\/es\/powerlifting-sala-power-hub\/\">Sala Power Hub<\/a><\/p><p><a href=\"https:\/\/bacderodasport.com\/es\/hyrox\/\">Hyrox<\/a><\/p><p><a href=\"https:\/\/bacderodasport.com\/es\/cet10pass\/\">Cuota CET10 Pass<\/a><\/p><p><a href=\"https:\/\/bacderodasport.com\/pavello-poliesportiu\/\">Pabell\u00f3n Polideportivo<\/a><\/p><p>\u00a0<\/p>\t\t\t\t\t\t\t\t<\/div>\n\t\t\t\t<\/div>\n\t\t\t\t<\/div>\n\t\t\t\t\t<\/div>\n\t\t\t\t<\/div>\n\t\t\t\t<\/div>\n\t\t","protected":false},"excerpt":{"rendered":"<p>Mapa del sitio Inicio Con\u00f3cenos Actividades para adultos fitness y nataci\u00f3n Actividades dirigidas Actividades para ni\u00f1os y ni\u00f1as \u00c1rea de clientes Aviso legal Comodidad Cycling Entrenador personal Equipo Fisioterapia Pol\u00edtica de cookies Pol\u00edtica de privacidad Fiesta cumplea\u00f1os Pol\u00edtica de ventas y devoluciones Trabaja con nosotros Pilates Reformer\u00a0 Sala Power Hub Hyrox Cuota CET10 Pass Pabell\u00f3n&hellip;<\/p>\n","protected":false},"author":67,"featured_media":0,"parent":0,"menu_order":0,"comment_status":"closed","ping_status":"closed","template":"","meta":{"footnotes":""},"class_list":["post-136443","page","type-page","status-publish","hentry"],"yoast_head":"<!-- This site is optimized with the Yoast SEO plugin v26.8 - https:\/\/yoast.com\/product\/yoast-seo-wordpress\/ -->\n<title>Mapa del sitio | CEM Bac de Roda<\/title>\n<meta name=\"description\" content=\"Encuentra el listado de todas las p\u00e1ginas del CEM Bac de Roda aqu\u00ed en el mapa del sitio.\" \/>\n<meta name=\"robots\" content=\"index, follow, max-snippet:-1, max-image-preview:large, max-video-preview:-1\" \/>\n<link rel=\"canonical\" href=\"https:\/\/bacderodasport.com\/es\/mapa-sitio\/\" \/>\n<meta property=\"og:locale\" content=\"es_ES\" \/>\n<meta property=\"og:type\" content=\"article\" \/>\n<meta property=\"og:title\" content=\"Mapa del sitio | CEM Bac de Roda\" \/>\n<meta property=\"og:description\" content=\"Encuentra el listado de todas las p\u00e1ginas del CEM Bac de Roda aqu\u00ed en el mapa del sitio.\" \/>\n<meta property=\"og:url\" content=\"https:\/\/bacderodasport.com\/es\/mapa-sitio\/\" \/>\n<meta property=\"og:site_name\" content=\"Bac de Roda Sport\" \/>\n<meta property=\"article:modified_time\" content=\"2025-11-26T16:04:47+00:00\" \/>\n<meta name=\"twitter:card\" content=\"summary_large_image\" \/>\n<meta name=\"twitter:label1\" content=\"Tiempo de lectura\" \/>\n\t<meta name=\"twitter:data1\" content=\"1 minuto\" \/>\n<script type=\"application\/ld+json\" class=\"yoast-schema-graph\">{\"@context\":\"https:\/\/schema.org\",\"@graph\":[{\"@type\":\"WebPage\",\"@id\":\"https:\/\/bacderodasport.com\/es\/mapa-sitio\/\",\"url\":\"https:\/\/bacderodasport.com\/es\/mapa-sitio\/\",\"name\":\"Mapa del sitio | CEM Bac de Roda\",\"isPartOf\":{\"@id\":\"https:\/\/bacderodasport.com\/es\/#website\"},\"datePublished\":\"2025-08-26T10:01:42+00:00\",\"dateModified\":\"2025-11-26T16:04:47+00:00\",\"description\":\"Encuentra el listado de todas las p\u00e1ginas del CEM Bac de Roda aqu\u00ed en el mapa del sitio.\",\"breadcrumb\":{\"@id\":\"https:\/\/bacderodasport.com\/es\/mapa-sitio\/#breadcrumb\"},\"inLanguage\":\"es\",\"potentialAction\":[{\"@type\":\"ReadAction\",\"target\":[\"https:\/\/bacderodasport.com\/es\/mapa-sitio\/\"]}]},{\"@type\":\"BreadcrumbList\",\"@id\":\"https:\/\/bacderodasport.com\/es\/mapa-sitio\/#breadcrumb\",\"itemListElement\":[{\"@type\":\"ListItem\",\"position\":1,\"name\":\"Portada\",\"item\":\"https:\/\/bacderodasport.com\/es\/\"},{\"@type\":\"ListItem\",\"position\":2,\"name\":\"Mapa del sitio\"}]},{\"@type\":\"WebSite\",\"@id\":\"https:\/\/bacderodasport.com\/es\/#website\",\"url\":\"https:\/\/bacderodasport.com\/es\/\",\"name\":\"Bac de Roda Sport\",\"description\":\"Centre Esportiu Municipal\",\"publisher\":{\"@id\":\"https:\/\/bacderodasport.com\/es\/#organization\"},\"potentialAction\":[{\"@type\":\"SearchAction\",\"target\":{\"@type\":\"EntryPoint\",\"urlTemplate\":\"https:\/\/bacderodasport.com\/es\/?s={search_term_string}\"},\"query-input\":{\"@type\":\"PropertyValueSpecification\",\"valueRequired\":true,\"valueName\":\"search_term_string\"}}],\"inLanguage\":\"es\"},{\"@type\":\"Organization\",\"@id\":\"https:\/\/bacderodasport.com\/es\/#organization\",\"name\":\"CEM J\u00fapiter\",\"url\":\"https:\/\/bacderodasport.com\/es\/\",\"logo\":{\"@type\":\"ImageObject\",\"inLanguage\":\"es\",\"@id\":\"https:\/\/bacderodasport.com\/es\/#\/schema\/logo\/image\/\",\"url\":\"https:\/\/bacderodasport.com\/wp-content\/uploads\/sites\/39\/2022\/01\/logo-bac-de-roda-horitzontal-online-web-desktop.png\",\"contentUrl\":\"https:\/\/bacderodasport.com\/wp-content\/uploads\/sites\/39\/2022\/01\/logo-bac-de-roda-horitzontal-online-web-desktop.png\",\"width\":264,\"height\":76,\"caption\":\"CEM J\u00fapiter\"},\"image\":{\"@id\":\"https:\/\/bacderodasport.com\/es\/#\/schema\/logo\/image\/\"}}]}<\/script>\n<!-- \/ Yoast SEO plugin. -->","yoast_head_json":{"title":"Mapa del sitio | CEM Bac de Roda","description":"Encuentra el listado de todas las p\u00e1ginas del CEM Bac de Roda aqu\u00ed en el mapa del sitio.","robots":{"index":"index","follow":"follow","max-snippet":"max-snippet:-1","max-image-preview":"max-image-preview:large","max-video-preview":"max-video-preview:-1"},"canonical":"https:\/\/bacderodasport.com\/es\/mapa-sitio\/","og_locale":"es_ES","og_type":"article","og_title":"Mapa del sitio | CEM Bac de Roda","og_description":"Encuentra el listado de todas las p\u00e1ginas del CEM Bac de Roda aqu\u00ed en el mapa del sitio.","og_url":"https:\/\/bacderodasport.com\/es\/mapa-sitio\/","og_site_name":"Bac de Roda Sport","article_modified_time":"2025-11-26T16:04:47+00:00","twitter_card":"summary_large_image","twitter_misc":{"Tiempo de lectura":"1 minuto"},"schema":{"@context":"https:\/\/schema.org","@graph":[{"@type":"WebPage","@id":"https:\/\/bacderodasport.com\/es\/mapa-sitio\/","url":"https:\/\/bacderodasport.com\/es\/mapa-sitio\/","name":"Mapa del sitio | CEM Bac de Roda","isPartOf":{"@id":"https:\/\/bacderodasport.com\/es\/#website"},"datePublished":"2025-08-26T10:01:42+00:00","dateModified":"2025-11-26T16:04:47+00:00","description":"Encuentra el listado de todas las p\u00e1ginas del CEM Bac de Roda aqu\u00ed en el mapa del sitio.","breadcrumb":{"@id":"https:\/\/bacderodasport.com\/es\/mapa-sitio\/#breadcrumb"},"inLanguage":"es","potentialAction":[{"@type":"ReadAction","target":["https:\/\/bacderodasport.com\/es\/mapa-sitio\/"]}]},{"@type":"BreadcrumbList","@id":"https:\/\/bacderodasport.com\/es\/mapa-sitio\/#breadcrumb","itemListElement":[{"@type":"ListItem","position":1,"name":"Portada","item":"https:\/\/bacderodasport.com\/es\/"},{"@type":"ListItem","position":2,"name":"Mapa del sitio"}]},{"@type":"WebSite","@id":"https:\/\/bacderodasport.com\/es\/#website","url":"https:\/\/bacderodasport.com\/es\/","name":"Bac de Roda Sport","description":"Centre Esportiu Municipal","publisher":{"@id":"https:\/\/bacderodasport.com\/es\/#organization"},"potentialAction":[{"@type":"SearchAction","target":{"@type":"EntryPoint","urlTemplate":"https:\/\/bacderodasport.com\/es\/?s={search_term_string}"},"query-input":{"@type":"PropertyValueSpecification","valueRequired":true,"valueName":"search_term_string"}}],"inLanguage":"es"},{"@type":"Organization","@id":"https:\/\/bacderodasport.com\/es\/#organization","name":"CEM J\u00fapiter","url":"https:\/\/bacderodasport.com\/es\/","logo":{"@type":"ImageObject","inLanguage":"es","@id":"https:\/\/bacderodasport.com\/es\/#\/schema\/logo\/image\/","url":"https:\/\/bacderodasport.com\/wp-content\/uploads\/sites\/39\/2022\/01\/logo-bac-de-roda-horitzontal-online-web-desktop.png","contentUrl":"https:\/\/bacderodasport.com\/wp-content\/uploads\/sites\/39\/2022\/01\/logo-bac-de-roda-horitzontal-online-web-desktop.png","width":264,"height":76,"caption":"CEM J\u00fapiter"},"image":{"@id":"https:\/\/bacderodasport.com\/es\/#\/schema\/logo\/image\/"}}]}},"_links":{"self":[{"href":"https:\/\/bacderodasport.com\/es\/wp-json\/wp\/v2\/pages\/136443","targetHints":{"allow":["GET"]}}],"collection":[{"href":"https:\/\/bacderodasport.com\/es\/wp-json\/wp\/v2\/pages"}],"about":[{"href":"https:\/\/bacderodasport.com\/es\/wp-json\/wp\/v2\/types\/page"}],"author":[{"embeddable":true,"href":"https:\/\/bacderodasport.com\/es\/wp-json\/wp\/v2\/users\/67"}],"replies":[{"embeddable":true,"href":"https:\/\/bacderodasport.com\/es\/wp-json\/wp\/v2\/comments?post=136443"}],"version-history":[{"count":12,"href":"https:\/\/bacderodasport.com\/es\/wp-json\/wp\/v2\/pages\/136443\/revisions"}],"predecessor-version":[{"id":141948,"href":"https:\/\/bacderodasport.com\/es\/wp-json\/wp\/v2\/pages\/136443\/revisions\/141948"}],"wp:attachment":[{"href":"https:\/\/bacderodasport.com\/es\/wp-json\/wp\/v2\/media?parent=136443"}],"curies":[{"name":"wp","href":"https:\/\/api.w.org\/{rel}","templated":true}]}}