{"id":136549,"date":"2025-08-27T09:30:07","date_gmt":"2025-08-27T07:30:07","guid":{"rendered":"https:\/\/bacderodasport.com\/?page_id=136549"},"modified":"2025-11-26T17:53:13","modified_gmt":"2025-11-26T15:53:13","slug":"cycling","status":"publish","type":"page","link":"https:\/\/bacderodasport.com\/es\/cycling\/","title":{"rendered":"Cycling"},"content":{"rendered":"\t\t<div data-elementor-type=\"wp-page\" data-elementor-id=\"136549\" class=\"elementor elementor-136549 elementor-136580\" data-elementor-post-type=\"page\">\n\t\t\t\t<div class=\"elementor-element elementor-element-1af5dec e-con-full full-width e-flex e-con e-parent\" data-id=\"1af5dec\" data-element_type=\"container\" data-e-type=\"container\" data-settings=\"{&quot;background_background&quot;:&quot;classic&quot;}\">\n\t\t<div class=\"elementor-element elementor-element-e2947eb e-con-full e-flex e-con e-child\" data-id=\"e2947eb\" data-element_type=\"container\" data-e-type=\"container\" data-settings=\"{&quot;background_background&quot;:&quot;classic&quot;}\">\n\t\t\t\t<div class=\"elementor-element elementor-element-41bedd88 elementor-widget elementor-widget-heading\" data-id=\"41bedd88\" data-element_type=\"widget\" data-e-type=\"widget\" data-widget_type=\"heading.default\">\n\t\t\t\t<div class=\"elementor-widget-container\">\n\t\t\t\t\t<h1 class=\"elementor-heading-title elementor-size-default\">\u00a1Cycling al m\u00e1ximo!<\/h1>\t\t\t\t<\/div>\n\t\t\t\t<\/div>\n\t\t\t\t<\/div>\n\t\t\t\t<\/div>\n\t\t<div class=\"elementor-element elementor-element-142f30c9 e-flex e-con-boxed e-con e-parent\" data-id=\"142f30c9\" data-element_type=\"container\" data-e-type=\"container\">\n\t\t\t\t\t<div class=\"e-con-inner\">\n\t\t<div class=\"elementor-element elementor-element-4f7b3ec e-con-full e-flex e-con e-child\" data-id=\"4f7b3ec\" data-element_type=\"container\" data-e-type=\"container\">\n\t\t\t\t<div class=\"elementor-element elementor-element-264093f0 elementor-widget elementor-widget-heading\" data-id=\"264093f0\" data-element_type=\"widget\" data-e-type=\"widget\" data-widget_type=\"heading.default\">\n\t\t\t\t<div class=\"elementor-widget-container\">\n\t\t\t\t\t<h2 class=\"elementor-heading-title elementor-size-default\">Cycling: motivaci\u00f3n al ritmo de la m\u00fasica<\/h2>\t\t\t\t<\/div>\n\t\t\t\t<\/div>\n\t\t\t\t<div class=\"elementor-element elementor-element-ba0876d elementor-widget elementor-widget-text-editor\" data-id=\"ba0876d\" data-element_type=\"widget\" data-e-type=\"widget\" data-widget_type=\"text-editor.default\">\n\t\t\t\t<div class=\"elementor-widget-container\">\n\t\t\t\t\t\t\t\t\t<p>Si eres fan del cycling \u00a1Est\u00e1s en lugar correcto!\u00a0<span style=\"word-spacing: normal;\">Planificamos la intensidad de las sesiones para trabajar cada semana con un objetivo concreto. Entrenamos todos los niveles necesarios (aer\u00f3bico, anaer\u00f3bico, muscular) en todos los entornos (plano, monta\u00f1a, subida, bajada) para mejorar el rendimiento. Te recomendamos llevar el monitor card\u00edaco (puls\u00f3metro).<\/span><\/p>\t\t\t\t\t\t\t\t<\/div>\n\t\t\t\t<\/div>\n\t\t\t\t<div class=\"elementor-element elementor-element-e218840 elementor-widget elementor-widget-heading\" data-id=\"e218840\" data-element_type=\"widget\" data-e-type=\"widget\" data-widget_type=\"heading.default\">\n\t\t\t\t<div class=\"elementor-widget-container\">\n\t\t\t\t\t<h3 class=\"elementor-heading-title elementor-size-default\">\u00bfQu\u00e9 es el cycling?<\/h3>\t\t\t\t<\/div>\n\t\t\t\t<\/div>\n\t\t\t\t<div class=\"elementor-element elementor-element-e1dc1c1 elementor-widget elementor-widget-text-editor\" data-id=\"e1dc1c1\" data-element_type=\"widget\" data-e-type=\"widget\" data-widget_type=\"text-editor.default\">\n\t\t\t\t<div class=\"elementor-widget-container\">\n\t\t\t\t\t\t\t\t\t<p>Es una modalidad de ejercicio que se basa en la <strong>bicicleta est\u00e1tica tradicional<\/strong>\u00a0pero que utiliza una\u00a0<strong>tecnolog\u00eda m\u00e1s avanzada<\/strong>. Se populariz\u00f3 en Estados Unidos a finales de los a\u00f1os 80 y en la actualidad se ha extendido por todo el mundo.\u00a0<span style=\"word-spacing: normal;\">Aporta muchos beneficios, ayuda a quemar calor\u00edas, refuerza el sistema cardiovascular y respiratorio,\u00a0disminuye la presi\u00f3n arterial, fortalece los m\u00fasculos de los miembros inferiores, mejora la distribuci\u00f3n de la sangre y tonifica los gl\u00fateos entre otras ventajas.<\/span><\/p><div><p><strong>El\u00a0cycling\u00a0(o\u00a0ciclo indoor)<\/strong>\u00a0no requiere una gran capacidad de equilibrio ni de coordinaci\u00f3n, a diferencia de otras pr\u00e1cticas aer\u00f3bicas.\u00a0<span style=\"word-spacing: normal;\">\u00a1El hecho que la actividad se haga con apoyo musical y en grupo es el secreto de su \u00e9xito, puesto que la hace m\u00e1s divertida!<\/span><\/p><\/div>\t\t\t\t\t\t\t\t<\/div>\n\t\t\t\t<\/div>\n\t\t\t\t<\/div>\n\t\t<div class=\"elementor-element elementor-element-727aa284 e-con-full e-flex e-con e-child\" data-id=\"727aa284\" data-element_type=\"container\" data-e-type=\"container\" data-settings=\"{&quot;background_background&quot;:&quot;classic&quot;}\">\n\t\t\t\t<div class=\"elementor-element elementor-element-5c7383f5 elementor-widget elementor-widget-image\" data-id=\"5c7383f5\" data-element_type=\"widget\" data-e-type=\"widget\" data-widget_type=\"image.default\">\n\t\t\t\t<div class=\"elementor-widget-container\">\n\t\t\t\t\t\t\t\t\t\t\t\t\t\t\t<img fetchpriority=\"high\" decoding=\"async\" width=\"1024\" height=\"576\" src=\"https:\/\/bacderodasport.com\/wp-content\/uploads\/sites\/39\/2025\/08\/cycling-motivacio.webp\" class=\"attachment-large size-large wp-image-136562\" alt=\"cyclinb bac de roda\" srcset=\"https:\/\/bacderodasport.com\/wp-content\/uploads\/sites\/39\/2025\/08\/cycling-motivacio.webp 1024w, https:\/\/bacderodasport.com\/wp-content\/uploads\/sites\/39\/2025\/08\/cycling-motivacio-300x169.webp 300w, https:\/\/bacderodasport.com\/wp-content\/uploads\/sites\/39\/2025\/08\/cycling-motivacio-768x432.webp 768w\" sizes=\"(max-width: 1024px) 100vw, 1024px\" \/>\t\t\t\t\t\t\t\t\t\t\t\t\t\t\t<\/div>\n\t\t\t\t<\/div>\n\t\t\t\t<div class=\"elementor-element elementor-element-d49a1ea elementor-widget elementor-widget-image\" data-id=\"d49a1ea\" data-element_type=\"widget\" data-e-type=\"widget\" data-widget_type=\"image.default\">\n\t\t\t\t<div class=\"elementor-widget-container\">\n\t\t\t\t\t\t\t\t\t\t\t\t\t\t\t<img decoding=\"async\" width=\"610\" height=\"370\" src=\"https:\/\/bacderodasport.com\/wp-content\/uploads\/sites\/39\/2024\/04\/bac-de-roda-cycling-1.webp\" class=\"attachment-large size-large wp-image-37185\" alt=\"cem bac de roda cycling\" srcset=\"https:\/\/bacderodasport.com\/wp-content\/uploads\/sites\/39\/2024\/04\/bac-de-roda-cycling-1.webp 610w, https:\/\/bacderodasport.com\/wp-content\/uploads\/sites\/39\/2024\/04\/bac-de-roda-cycling-1-300x182.webp 300w\" sizes=\"(max-width: 610px) 100vw, 610px\" \/>\t\t\t\t\t\t\t\t\t\t\t\t\t\t\t<\/div>\n\t\t\t\t<\/div>\n\t\t\t\t<\/div>\n\t\t\t\t\t<\/div>\n\t\t\t\t<\/div>\n\t\t<div class=\"elementor-element elementor-element-168f69b1 e-con-fit e-flex e-con e-parent\" data-id=\"168f69b1\" data-element_type=\"container\" data-e-type=\"container\" data-settings=\"{&quot;position&quot;:&quot;fixed&quot;}\">\n\t\t\t\t<div class=\"elementor-element elementor-element-653dca08 elementor-view-default elementor-widget elementor-widget-icon\" data-id=\"653dca08\" data-element_type=\"widget\" data-e-type=\"widget\" id=\"boto-whatsapp\" data-widget_type=\"icon.default\">\n\t\t\t\t<div class=\"elementor-widget-container\">\n\t\t\t\t\t\t\t<div class=\"elementor-icon-wrapper\">\n\t\t\t<a class=\"elementor-icon\" href=\"https:\/\/api.whatsapp.com\/send?phone=34663892904\">\n\t\t\t<svg xmlns=\"http:\/\/www.w3.org\/2000\/svg\" xmlns:xlink=\"http:\/\/www.w3.org\/1999\/xlink\" id=\"Layer_1\" style=\"enable-background:new 0 0 1000 1000;\" viewBox=\"0 0 1000 1000\" xml:space=\"preserve\"><style type=\"text\/css\">\t.st0{fill:#25D366;}\t.st1{fill-rule:evenodd;clip-rule:evenodd;fill:#FFFFFF;}<\/style><title><\/title><g><path class=\"st0\" d=\"M500,1000L500,1000C223.9,1000,0,776.1,0,500v0C0,223.9,223.9,0,500,0h0c276.1,0,500,223.9,500,500v0   C1000,776.1,776.1,1000,500,1000z\"><\/path><g><g id=\"WA_Logo\"><g><path class=\"st1\" d=\"M733.9,267.2c-62-62.1-144.6-96.3-232.5-96.4c-181.1,0-328.6,147.4-328.6,328.6      c0,57.9,15.1,114.5,43.9,164.3L170.1,834l174.2-45.7c48,26.2,102,40,157,40h0.1c0,0,0,0,0,0c181.1,0,328.5-147.4,328.6-328.6      C830.1,411.9,796,329.3,733.9,267.2z M501.5,772.8h-0.1c-49,0-97.1-13.2-139-38.1l-10-5.9L249,755.9l27.6-100.8l-6.5-10.3      c-27.3-43.5-41.8-93.7-41.8-145.4c0.1-150.6,122.6-273.1,273.3-273.1c73,0,141.5,28.5,193.1,80.1c51.6,51.6,80,120.3,79.9,193.2      C774.6,650.3,652,772.8,501.5,772.8z M651.3,568.2c-8.2-4.1-48.6-24-56.1-26.7c-7.5-2.7-13-4.1-18.5,4.1      c-5.5,8.2-21.2,26.7-26,32.2c-4.8,5.5-9.6,6.2-17.8,2.1c-8.2-4.1-34.7-12.8-66-40.8c-24.4-21.8-40.9-48.7-45.7-56.9      c-4.8-8.2-0.5-12.7,3.6-16.8c3.7-3.7,8.2-9.6,12.3-14.4c4.1-4.8,5.5-8.2,8.2-13.7c2.7-5.5,1.4-10.3-0.7-14.4      c-2.1-4.1-18.5-44.5-25.3-61c-6.7-16-13.4-13.8-18.5-14.1c-4.8-0.2-10.3-0.3-15.7-0.3c-5.5,0-14.4,2.1-21.9,10.3      c-7.5,8.2-28.7,28.1-28.7,68.5c0,40.4,29.4,79.5,33.5,84.9c4.1,5.5,57.9,88.4,140.3,124c19.6,8.5,34.9,13.5,46.8,17.3      c19.7,6.3,37.6,5.4,51.7,3.3c15.8-2.4,48.6-19.9,55.4-39c6.8-19.2,6.8-35.6,4.8-39C665,574.4,659.5,572.4,651.3,568.2z\"><\/path><\/g><\/g><\/g><\/g><\/svg>\t\t\t<\/a>\n\t\t<\/div>\n\t\t\t\t\t\t<\/div>\n\t\t\t\t<\/div>\n\t\t\t\t<\/div>\n\t\t<div class=\"elementor-element elementor-element-9abdf88 e-flex e-con-boxed e-con e-parent\" data-id=\"9abdf88\" data-element_type=\"container\" data-e-type=\"container\">\n\t\t\t\t\t<div class=\"e-con-inner\">\n\t\t\t\t<div class=\"elementor-element elementor-element-8c6a10c elementor-widget elementor-widget-html\" data-id=\"8c6a10c\" data-element_type=\"widget\" data-e-type=\"widget\" data-widget_type=\"html.default\">\n\t\t\t\t<div class=\"elementor-widget-container\">\n\t\t\t\t\t<style> \n.scroll-top {\n    display: none\n}\n\n\n\n<\/style>\t\t\t\t<\/div>\n\t\t\t\t<\/div>\n\t\t\t\t\t<\/div>\n\t\t\t\t<\/div>\n\t\t\t\t<\/div>\n\t\t","protected":false},"excerpt":{"rendered":"<p>\u00a1Cycling al m\u00e1ximo! Cycling: motivaci\u00f3n al ritmo de la m\u00fasica Si eres fan del cycling \u00a1Est\u00e1s en lugar correcto!\u00a0Planificamos la intensidad de las sesiones para trabajar cada semana con un objetivo concreto. Entrenamos todos los niveles necesarios (aer\u00f3bico, anaer\u00f3bico, muscular) en todos los entornos (plano, monta\u00f1a, subida, bajada) para mejorar el rendimiento. Te recomendamos llevar&hellip;<\/p>\n","protected":false},"author":67,"featured_media":36481,"parent":0,"menu_order":0,"comment_status":"closed","ping_status":"closed","template":"","meta":{"footnotes":""},"class_list":["post-136549","page","type-page","status-publish","has-post-thumbnail","hentry"],"yoast_head":"<!-- This site is optimized with the Yoast SEO plugin v26.8 - https:\/\/yoast.com\/product\/yoast-seo-wordpress\/ -->\n<title>Cycling | CEM Bac de Roda \u00a1Desc\u00e1rgate la programaci\u00f3n y ven!<\/title>\n<meta name=\"description\" content=\"Cycling es un ejercicio que se basa en la bicicleta est\u00e1tica tradicional pero que utiliza una tecnolog\u00eda m\u00e1s avanzada. \u00a1Consulta nuestra programaci\u00f3n!\" \/>\n<meta name=\"robots\" content=\"index, follow, max-snippet:-1, max-image-preview:large, max-video-preview:-1\" \/>\n<link rel=\"canonical\" href=\"https:\/\/bacderodasport.com\/es\/cycling\/\" \/>\n<meta property=\"og:locale\" content=\"es_ES\" \/>\n<meta property=\"og:type\" content=\"article\" \/>\n<meta property=\"og:title\" content=\"Cycling | CEM Bac de Roda \u00a1Desc\u00e1rgate la programaci\u00f3n y ven!\" \/>\n<meta property=\"og:description\" content=\"Cycling es un ejercicio que se basa en la bicicleta est\u00e1tica tradicional pero que utiliza una tecnolog\u00eda m\u00e1s avanzada. \u00a1Consulta nuestra programaci\u00f3n!\" \/>\n<meta property=\"og:url\" content=\"https:\/\/bacderodasport.com\/es\/cycling\/\" \/>\n<meta property=\"og:site_name\" content=\"Bac de Roda Sport\" \/>\n<meta property=\"article:modified_time\" content=\"2025-11-26T15:53:13+00:00\" \/>\n<meta property=\"og:image\" content=\"https:\/\/bacderodasport.com\/wp-content\/uploads\/sites\/39\/2024\/04\/cycling.webp\" \/>\n\t<meta property=\"og:image:width\" content=\"610\" \/>\n\t<meta property=\"og:image:height\" content=\"260\" \/>\n\t<meta property=\"og:image:type\" content=\"image\/webp\" \/>\n<meta name=\"twitter:card\" content=\"summary_large_image\" \/>\n<meta name=\"twitter:label1\" content=\"Tiempo de lectura\" \/>\n\t<meta name=\"twitter:data1\" content=\"2 minutos\" \/>\n<script type=\"application\/ld+json\" class=\"yoast-schema-graph\">{\"@context\":\"https:\/\/schema.org\",\"@graph\":[{\"@type\":\"WebPage\",\"@id\":\"https:\/\/bacderodasport.com\/es\/cycling\/\",\"url\":\"https:\/\/bacderodasport.com\/es\/cycling\/\",\"name\":\"Cycling | CEM Bac de Roda \u00a1Desc\u00e1rgate la programaci\u00f3n y ven!\",\"isPartOf\":{\"@id\":\"https:\/\/bacderodasport.com\/es\/#website\"},\"primaryImageOfPage\":{\"@id\":\"https:\/\/bacderodasport.com\/es\/cycling\/#primaryimage\"},\"image\":{\"@id\":\"https:\/\/bacderodasport.com\/es\/cycling\/#primaryimage\"},\"thumbnailUrl\":\"https:\/\/bacderodasport.com\/wp-content\/uploads\/sites\/39\/2024\/04\/cycling.webp\",\"datePublished\":\"2025-08-27T07:30:07+00:00\",\"dateModified\":\"2025-11-26T15:53:13+00:00\",\"description\":\"Cycling es un ejercicio que se basa en la bicicleta est\u00e1tica tradicional pero que utiliza una tecnolog\u00eda m\u00e1s avanzada. \u00a1Consulta nuestra programaci\u00f3n!\",\"breadcrumb\":{\"@id\":\"https:\/\/bacderodasport.com\/es\/cycling\/#breadcrumb\"},\"inLanguage\":\"es\",\"potentialAction\":[{\"@type\":\"ReadAction\",\"target\":[\"https:\/\/bacderodasport.com\/es\/cycling\/\"]}]},{\"@type\":\"ImageObject\",\"inLanguage\":\"es\",\"@id\":\"https:\/\/bacderodasport.com\/es\/cycling\/#primaryimage\",\"url\":\"https:\/\/bacderodasport.com\/wp-content\/uploads\/sites\/39\/2024\/04\/cycling.webp\",\"contentUrl\":\"https:\/\/bacderodasport.com\/wp-content\/uploads\/sites\/39\/2024\/04\/cycling.webp\",\"width\":610,\"height\":260,\"caption\":\"bac de roda fitness cycling\"},{\"@type\":\"BreadcrumbList\",\"@id\":\"https:\/\/bacderodasport.com\/es\/cycling\/#breadcrumb\",\"itemListElement\":[{\"@type\":\"ListItem\",\"position\":1,\"name\":\"Portada\",\"item\":\"https:\/\/bacderodasport.com\/es\/\"},{\"@type\":\"ListItem\",\"position\":2,\"name\":\"Cycling\"}]},{\"@type\":\"WebSite\",\"@id\":\"https:\/\/bacderodasport.com\/es\/#website\",\"url\":\"https:\/\/bacderodasport.com\/es\/\",\"name\":\"Bac de Roda Sport\",\"description\":\"Centre Esportiu Municipal\",\"publisher\":{\"@id\":\"https:\/\/bacderodasport.com\/es\/#organization\"},\"potentialAction\":[{\"@type\":\"SearchAction\",\"target\":{\"@type\":\"EntryPoint\",\"urlTemplate\":\"https:\/\/bacderodasport.com\/es\/?s={search_term_string}\"},\"query-input\":{\"@type\":\"PropertyValueSpecification\",\"valueRequired\":true,\"valueName\":\"search_term_string\"}}],\"inLanguage\":\"es\"},{\"@type\":\"Organization\",\"@id\":\"https:\/\/bacderodasport.com\/es\/#organization\",\"name\":\"CEM J\u00fapiter\",\"url\":\"https:\/\/bacderodasport.com\/es\/\",\"logo\":{\"@type\":\"ImageObject\",\"inLanguage\":\"es\",\"@id\":\"https:\/\/bacderodasport.com\/es\/#\/schema\/logo\/image\/\",\"url\":\"https:\/\/bacderodasport.com\/wp-content\/uploads\/sites\/39\/2022\/01\/logo-bac-de-roda-horitzontal-online-web-desktop.png\",\"contentUrl\":\"https:\/\/bacderodasport.com\/wp-content\/uploads\/sites\/39\/2022\/01\/logo-bac-de-roda-horitzontal-online-web-desktop.png\",\"width\":264,\"height\":76,\"caption\":\"CEM J\u00fapiter\"},\"image\":{\"@id\":\"https:\/\/bacderodasport.com\/es\/#\/schema\/logo\/image\/\"}}]}<\/script>\n<!-- \/ Yoast SEO plugin. -->","yoast_head_json":{"title":"Cycling | CEM Bac de Roda \u00a1Desc\u00e1rgate la programaci\u00f3n y ven!","description":"Cycling es un ejercicio que se basa en la bicicleta est\u00e1tica tradicional pero que utiliza una tecnolog\u00eda m\u00e1s avanzada. \u00a1Consulta nuestra programaci\u00f3n!","robots":{"index":"index","follow":"follow","max-snippet":"max-snippet:-1","max-image-preview":"max-image-preview:large","max-video-preview":"max-video-preview:-1"},"canonical":"https:\/\/bacderodasport.com\/es\/cycling\/","og_locale":"es_ES","og_type":"article","og_title":"Cycling | CEM Bac de Roda \u00a1Desc\u00e1rgate la programaci\u00f3n y ven!","og_description":"Cycling es un ejercicio que se basa en la bicicleta est\u00e1tica tradicional pero que utiliza una tecnolog\u00eda m\u00e1s avanzada. \u00a1Consulta nuestra programaci\u00f3n!","og_url":"https:\/\/bacderodasport.com\/es\/cycling\/","og_site_name":"Bac de Roda Sport","article_modified_time":"2025-11-26T15:53:13+00:00","og_image":[{"width":610,"height":260,"url":"https:\/\/bacderodasport.com\/wp-content\/uploads\/sites\/39\/2024\/04\/cycling.webp","type":"image\/webp"}],"twitter_card":"summary_large_image","twitter_misc":{"Tiempo de lectura":"2 minutos"},"schema":{"@context":"https:\/\/schema.org","@graph":[{"@type":"WebPage","@id":"https:\/\/bacderodasport.com\/es\/cycling\/","url":"https:\/\/bacderodasport.com\/es\/cycling\/","name":"Cycling | CEM Bac de Roda \u00a1Desc\u00e1rgate la programaci\u00f3n y ven!","isPartOf":{"@id":"https:\/\/bacderodasport.com\/es\/#website"},"primaryImageOfPage":{"@id":"https:\/\/bacderodasport.com\/es\/cycling\/#primaryimage"},"image":{"@id":"https:\/\/bacderodasport.com\/es\/cycling\/#primaryimage"},"thumbnailUrl":"https:\/\/bacderodasport.com\/wp-content\/uploads\/sites\/39\/2024\/04\/cycling.webp","datePublished":"2025-08-27T07:30:07+00:00","dateModified":"2025-11-26T15:53:13+00:00","description":"Cycling es un ejercicio que se basa en la bicicleta est\u00e1tica tradicional pero que utiliza una tecnolog\u00eda m\u00e1s avanzada. \u00a1Consulta nuestra programaci\u00f3n!","breadcrumb":{"@id":"https:\/\/bacderodasport.com\/es\/cycling\/#breadcrumb"},"inLanguage":"es","potentialAction":[{"@type":"ReadAction","target":["https:\/\/bacderodasport.com\/es\/cycling\/"]}]},{"@type":"ImageObject","inLanguage":"es","@id":"https:\/\/bacderodasport.com\/es\/cycling\/#primaryimage","url":"https:\/\/bacderodasport.com\/wp-content\/uploads\/sites\/39\/2024\/04\/cycling.webp","contentUrl":"https:\/\/bacderodasport.com\/wp-content\/uploads\/sites\/39\/2024\/04\/cycling.webp","width":610,"height":260,"caption":"bac de roda fitness cycling"},{"@type":"BreadcrumbList","@id":"https:\/\/bacderodasport.com\/es\/cycling\/#breadcrumb","itemListElement":[{"@type":"ListItem","position":1,"name":"Portada","item":"https:\/\/bacderodasport.com\/es\/"},{"@type":"ListItem","position":2,"name":"Cycling"}]},{"@type":"WebSite","@id":"https:\/\/bacderodasport.com\/es\/#website","url":"https:\/\/bacderodasport.com\/es\/","name":"Bac de Roda Sport","description":"Centre Esportiu Municipal","publisher":{"@id":"https:\/\/bacderodasport.com\/es\/#organization"},"potentialAction":[{"@type":"SearchAction","target":{"@type":"EntryPoint","urlTemplate":"https:\/\/bacderodasport.com\/es\/?s={search_term_string}"},"query-input":{"@type":"PropertyValueSpecification","valueRequired":true,"valueName":"search_term_string"}}],"inLanguage":"es"},{"@type":"Organization","@id":"https:\/\/bacderodasport.com\/es\/#organization","name":"CEM J\u00fapiter","url":"https:\/\/bacderodasport.com\/es\/","logo":{"@type":"ImageObject","inLanguage":"es","@id":"https:\/\/bacderodasport.com\/es\/#\/schema\/logo\/image\/","url":"https:\/\/bacderodasport.com\/wp-content\/uploads\/sites\/39\/2022\/01\/logo-bac-de-roda-horitzontal-online-web-desktop.png","contentUrl":"https:\/\/bacderodasport.com\/wp-content\/uploads\/sites\/39\/2022\/01\/logo-bac-de-roda-horitzontal-online-web-desktop.png","width":264,"height":76,"caption":"CEM J\u00fapiter"},"image":{"@id":"https:\/\/bacderodasport.com\/es\/#\/schema\/logo\/image\/"}}]}},"_links":{"self":[{"href":"https:\/\/bacderodasport.com\/es\/wp-json\/wp\/v2\/pages\/136549","targetHints":{"allow":["GET"]}}],"collection":[{"href":"https:\/\/bacderodasport.com\/es\/wp-json\/wp\/v2\/pages"}],"about":[{"href":"https:\/\/bacderodasport.com\/es\/wp-json\/wp\/v2\/types\/page"}],"author":[{"embeddable":true,"href":"https:\/\/bacderodasport.com\/es\/wp-json\/wp\/v2\/users\/67"}],"replies":[{"embeddable":true,"href":"https:\/\/bacderodasport.com\/es\/wp-json\/wp\/v2\/comments?post=136549"}],"version-history":[{"count":3,"href":"https:\/\/bacderodasport.com\/es\/wp-json\/wp\/v2\/pages\/136549\/revisions"}],"predecessor-version":[{"id":141932,"href":"https:\/\/bacderodasport.com\/es\/wp-json\/wp\/v2\/pages\/136549\/revisions\/141932"}],"wp:featuredmedia":[{"embeddable":true,"href":"https:\/\/bacderodasport.com\/es\/wp-json\/wp\/v2\/media\/36481"}],"wp:attachment":[{"href":"https:\/\/bacderodasport.com\/es\/wp-json\/wp\/v2\/media?parent=136549"}],"curies":[{"name":"wp","href":"https:\/\/api.w.org\/{rel}","templated":true}]}}