{"id":136697,"date":"2025-08-29T09:07:34","date_gmt":"2025-08-29T07:07:34","guid":{"rendered":"https:\/\/bacderodasport.com\/?page_id=136697"},"modified":"2025-10-09T09:50:48","modified_gmt":"2025-10-09T07:50:48","slug":"app","status":"publish","type":"page","link":"https:\/\/bacderodasport.com\/es\/app\/","title":{"rendered":"App CET10 Bac de Roda"},"content":{"rendered":"\t\t<div data-elementor-type=\"wp-page\" data-elementor-id=\"136697\" class=\"elementor elementor-136697 elementor-136764\" data-elementor-post-type=\"page\">\n\t\t\t\t<div class=\"elementor-element elementor-element-0585ab2 e-con-full full-width e-flex e-con e-parent\" data-id=\"0585ab2\" data-element_type=\"container\" data-e-type=\"container\" data-settings=\"{&quot;background_background&quot;:&quot;classic&quot;}\">\n\t\t<div class=\"elementor-element elementor-element-8a0e5e6 e-con-full e-flex e-con e-child\" data-id=\"8a0e5e6\" data-element_type=\"container\" data-e-type=\"container\" data-settings=\"{&quot;background_background&quot;:&quot;classic&quot;}\">\n\t\t\t\t<div class=\"elementor-element elementor-element-0753471 elementor-widget elementor-widget-heading\" data-id=\"0753471\" data-element_type=\"widget\" data-e-type=\"widget\" data-widget_type=\"heading.default\">\n\t\t\t\t<div class=\"elementor-widget-container\">\n\t\t\t\t\t<h1 class=\"elementor-heading-title elementor-size-default\"><span style=\"font-family: Roboto, Helvetica, Arial, Verdana, sans-serif\">App<\/span> CET10 Bac de Roda<\/h1>\t\t\t\t<\/div>\n\t\t\t\t<\/div>\n\t\t\t\t<\/div>\n\t\t\t\t<\/div>\n\t\t\t\t<section class=\"elementor-section elementor-top-section elementor-element elementor-element-6b37e183 elementor-section-full_width elementor-section-height-default elementor-section-height-default\" data-id=\"6b37e183\" data-element_type=\"section\" data-e-type=\"section\" id=\"app\" data-settings=\"{&quot;background_background&quot;:&quot;classic&quot;}\">\n\t\t\t\t\t\t\t<div class=\"elementor-background-overlay\"><\/div>\n\t\t\t\t\t\t\t<div class=\"elementor-container elementor-column-gap-default\">\n\t\t\t\t\t<div class=\"elementor-column elementor-col-50 elementor-top-column elementor-element elementor-element-4e107694\" data-id=\"4e107694\" data-element_type=\"column\" data-e-type=\"column\">\n\t\t\t<div class=\"elementor-widget-wrap elementor-element-populated\">\n\t\t\t\t\t\t<div class=\"elementor-element elementor-element-de37e0b elementor-widget elementor-widget-heading\" data-id=\"de37e0b\" data-element_type=\"widget\" data-e-type=\"widget\" data-widget_type=\"heading.default\">\n\t\t\t\t<div class=\"elementor-widget-container\">\n\t\t\t\t\t<h2 class=\"elementor-heading-title elementor-size-default\">Conoce lo que te ofrece la App<\/h2>\t\t\t\t<\/div>\n\t\t\t\t<\/div>\n\t\t\t\t<div class=\"elementor-element elementor-element-1bdb237b elementor-widget elementor-widget-text-editor\" data-id=\"1bdb237b\" data-element_type=\"widget\" data-e-type=\"widget\" data-widget_type=\"text-editor.default\">\n\t\t\t\t<div class=\"elementor-widget-container\">\n\t\t\t\t\t\t\t\t\t<p>En esta aplicaci\u00f3n, encontrar\u00e1s nuevas maneras de registrar tu actividad, adem\u00e1s de tener a mano las gestiones del d\u00eda a d\u00eda:<\/p>\t\t\t\t\t\t\t\t<\/div>\n\t\t\t\t<\/div>\n\t\t\t\t<div class=\"elementor-element elementor-element-56c84a54 elementor-icon-list--layout-traditional elementor-list-item-link-full_width elementor-widget elementor-widget-icon-list\" data-id=\"56c84a54\" data-element_type=\"widget\" data-e-type=\"widget\" data-widget_type=\"icon-list.default\">\n\t\t\t\t<div class=\"elementor-widget-container\">\n\t\t\t\t\t\t\t<ul class=\"elementor-icon-list-items\">\n\t\t\t\t\t\t\t<li class=\"elementor-icon-list-item\">\n\t\t\t\t\t\t\t\t\t\t\t<span class=\"elementor-icon-list-icon\">\n\t\t\t\t\t\t\t<i aria-hidden=\"true\" class=\"fas fa-chevron-circle-right\"><\/i>\t\t\t\t\t\t<\/span>\n\t\t\t\t\t\t\t\t\t\t<span class=\"elementor-icon-list-text\"><strong>Reserva de clases:&nbsp;<\/strong>ya no ser\u00e1 necesario que lo hagas en el \u00e1rea cliente de la web, el proceso ser\u00e1 mucho m\u00e1s r\u00e1pido.<\/span>\n\t\t\t\t\t\t\t\t\t<\/li>\n\t\t\t\t\t\t\t\t<li class=\"elementor-icon-list-item\">\n\t\t\t\t\t\t\t\t\t\t\t<span class=\"elementor-icon-list-icon\">\n\t\t\t\t\t\t\t<i aria-hidden=\"true\" class=\"fas fa-chevron-circle-right\"><\/i>\t\t\t\t\t\t<\/span>\n\t\t\t\t\t\t\t\t\t\t<span class=\"elementor-icon-list-text\"><strong>Registra tus entrenamientos:<\/strong>\u00a0podr\u00e1s ver tu programa de ejercicios, guardarlo \u00a1y repetirlo cuando quieras!<\/span>\n\t\t\t\t\t\t\t\t\t<\/li>\n\t\t\t\t\t\t\t\t<li class=\"elementor-icon-list-item\">\n\t\t\t\t\t\t\t\t\t\t\t<span class=\"elementor-icon-list-icon\">\n\t\t\t\t\t\t\t<i aria-hidden=\"true\" class=\"fas fa-chevron-circle-right\"><\/i>\t\t\t\t\t\t<\/span>\n\t\t\t\t\t\t\t\t\t\t<span class=\"elementor-icon-list-text\"><strong>Conocer tu edad biol\u00f3gica:&nbsp;<\/strong>sabr\u00e1s tu estado de forma y qu\u00e9 parte de tu cuerpo tienes que potenciar m\u00e1s.<\/span>\n\t\t\t\t\t\t\t\t\t<\/li>\n\t\t\t\t\t\t<\/ul>\n\t\t\t\t\t\t<\/div>\n\t\t\t\t<\/div>\n\t\t\t\t<div class=\"elementor-element elementor-element-9f8f91e elementor-widget elementor-widget-text-editor\" data-id=\"9f8f91e\" data-element_type=\"widget\" data-e-type=\"widget\" data-widget_type=\"text-editor.default\">\n\t\t\t\t<div class=\"elementor-widget-container\">\n\t\t\t\t\t\t\t\t\tTambi\u00e9n podr\u00e1s participar en <strong>retos, hacer tr\u00e1mites administrativos y vincularla a otras apps deportivas. <\/strong> Prep\u00e1rate porque tu experiencia en el CEM Bac de Roda \u00a1salte a otro nivel!\t\t\t\t\t\t\t\t<\/div>\n\t\t\t\t<\/div>\n\t\t<div class=\"elementor-element elementor-element-e64f7f7 e-flex e-con-boxed e-con e-parent\" data-id=\"e64f7f7\" data-element_type=\"container\" data-e-type=\"container\">\n\t\t\t\t\t<div class=\"e-con-inner\">\n\t\t<div class=\"elementor-element elementor-element-3059b29 e-con-full e-flex e-con e-child\" data-id=\"3059b29\" data-element_type=\"container\" data-e-type=\"container\" data-settings=\"{&quot;background_background&quot;:&quot;classic&quot;}\">\n\t\t\t\t<div class=\"elementor-element elementor-element-d38acc0 elementor-view-default elementor-widget elementor-widget-icon\" data-id=\"d38acc0\" data-element_type=\"widget\" data-e-type=\"widget\" data-widget_type=\"icon.default\">\n\t\t\t\t<div class=\"elementor-widget-container\">\n\t\t\t\t\t\t\t<div class=\"elementor-icon-wrapper\">\n\t\t\t<div class=\"elementor-icon\">\n\t\t\t<i aria-hidden=\"true\" class=\"fas fa-info-circle\"><\/i>\t\t\t<\/div>\n\t\t<\/div>\n\t\t\t\t\t\t<\/div>\n\t\t\t\t<\/div>\n\t\t\t\t<div class=\"elementor-element elementor-element-a010a08 elementor-widget elementor-widget-heading\" data-id=\"a010a08\" data-element_type=\"widget\" data-e-type=\"widget\" data-widget_type=\"heading.default\">\n\t\t\t\t<div class=\"elementor-widget-container\">\n\t\t\t\t\t<p class=\"elementor-heading-title elementor-size-default\"><strong>Aviso importante:<\/strong> tendr\u00e1s que registrarte con el mismo correo electr\u00f3nico que diste al club en el momento del alta. Si tienes dudas, cons\u00faltanos en recepci\u00f3n y te ayudaremos.<\/p>\t\t\t\t<\/div>\n\t\t\t\t<\/div>\n\t\t\t\t<\/div>\n\t\t\t\t\t<\/div>\n\t\t\t\t<\/div>\n\t\t\t\t<div class=\"elementor-element elementor-element-125d300 elementor-widget elementor-widget-text-editor\" data-id=\"125d300\" data-element_type=\"widget\" data-e-type=\"widget\" data-widget_type=\"text-editor.default\">\n\t\t\t\t<div class=\"elementor-widget-container\">\n\t\t\t\t\t\t\t\t\t<span style=\"font-size: 14pt;\"><strong>\u00a1DESC\u00c1RGATE NUESTRA APP GRATIS Y EN SOLO 1 MINUTO!<\/strong><\/span>\t\t\t\t\t\t\t\t<\/div>\n\t\t\t\t<\/div>\n\t\t\t\t<section class=\"elementor-section elementor-inner-section elementor-element elementor-element-5c26baf elementor-section-boxed elementor-section-height-default elementor-section-height-default\" data-id=\"5c26baf\" data-element_type=\"section\" data-e-type=\"section\">\n\t\t\t\t\t\t<div class=\"elementor-container elementor-column-gap-default\">\n\t\t\t\t\t<div class=\"elementor-column elementor-col-50 elementor-inner-column elementor-element elementor-element-2355354\" data-id=\"2355354\" data-element_type=\"column\" data-e-type=\"column\">\n\t\t\t<div class=\"elementor-widget-wrap elementor-element-populated\">\n\t\t\t\t\t\t<div class=\"elementor-element elementor-element-b33d739 elementor-widget-mobile__width-inherit elementor-widget elementor-widget-image\" data-id=\"b33d739\" data-element_type=\"widget\" data-e-type=\"widget\" data-widget_type=\"image.default\">\n\t\t\t\t<div class=\"elementor-widget-container\">\n\t\t\t\t\t\t\t\t\t\t\t\t\t\t\t\t<a href=\"https:\/\/apps.apple.com\/es\/app\/cet10-with-you\/id1596110122\">\n\t\t\t\t\t\t\t<img decoding=\"async\" src=\"https:\/\/bacderodasport.com\/wp-content\/uploads\/sites\/39\/elementor\/thumbs\/app-mobil-app-store-malilla-rb5s6ltfpois14mqqunlbfmn7e97s1jbl49lgxlcns.jpg\" title=\"app-mobil-app-store-malilla.jpg\" alt=\"app-mobil-app-store-malilla.jpg\" loading=\"lazy\" \/>\t\t\t\t\t\t\t\t<\/a>\n\t\t\t\t\t\t\t\t\t\t\t\t\t\t\t<\/div>\n\t\t\t\t<\/div>\n\t\t\t\t\t<\/div>\n\t\t<\/div>\n\t\t\t\t<div class=\"elementor-column elementor-col-50 elementor-inner-column elementor-element elementor-element-c19704a\" data-id=\"c19704a\" data-element_type=\"column\" data-e-type=\"column\">\n\t\t\t<div class=\"elementor-widget-wrap elementor-element-populated\">\n\t\t\t\t\t\t<div class=\"elementor-element elementor-element-2d9330b elementor-widget-mobile__width-inherit elementor-widget elementor-widget-image\" data-id=\"2d9330b\" data-element_type=\"widget\" data-e-type=\"widget\" data-widget_type=\"image.default\">\n\t\t\t\t<div class=\"elementor-widget-container\">\n\t\t\t\t\t\t\t\t\t\t\t\t\t\t\t\t<a href=\"https:\/\/play.google.com\/store\/apps\/details?id=com.netpulse.mobile.jupitersport\">\n\t\t\t\t\t\t\t<img decoding=\"async\" src=\"https:\/\/bacderodasport.com\/wp-content\/uploads\/sites\/39\/elementor\/thumbs\/google-play-cet10-jupiter-rb5s6ltfpois14mqqunlbfmn7e97s1jbl49lgxlcns.gif\" title=\"google-play-cet10-jupiter.gif\" alt=\"google-play-cet10-jupiter.gif\" loading=\"lazy\" \/>\t\t\t\t\t\t\t\t<\/a>\n\t\t\t\t\t\t\t\t\t\t\t\t\t\t\t<\/div>\n\t\t\t\t<\/div>\n\t\t\t\t\t<\/div>\n\t\t<\/div>\n\t\t\t\t\t<\/div>\n\t\t<\/section>\n\t\t\t\t\t<\/div>\n\t\t<\/div>\n\t\t\t\t<div class=\"elementor-column elementor-col-50 elementor-top-column elementor-element elementor-element-74e0a9b5\" data-id=\"74e0a9b5\" data-element_type=\"column\" data-e-type=\"column\">\n\t\t\t<div class=\"elementor-widget-wrap elementor-element-populated\">\n\t\t\t\t\t\t<div class=\"elementor-element elementor-element-c7c9fea elementor-arrows-position-inside elementor-pagination-position-outside elementor-widget elementor-widget-image-carousel\" data-id=\"c7c9fea\" data-element_type=\"widget\" data-e-type=\"widget\" data-settings=\"{&quot;slides_to_show&quot;:&quot;1&quot;,&quot;navigation&quot;:&quot;both&quot;,&quot;autoplay&quot;:&quot;yes&quot;,&quot;pause_on_hover&quot;:&quot;yes&quot;,&quot;pause_on_interaction&quot;:&quot;yes&quot;,&quot;autoplay_speed&quot;:5000,&quot;effect&quot;:&quot;slide&quot;,&quot;speed&quot;:500}\" data-widget_type=\"image-carousel.default\">\n\t\t\t\t<div class=\"elementor-widget-container\">\n\t\t\t\t\t\t\t<div class=\"elementor-image-carousel-wrapper swiper\" role=\"region\" aria-roledescription=\"carousel\" aria-label=\"Carrusel de im\u00e1genes\" dir=\"ltr\">\n\t\t\t<div class=\"elementor-image-carousel swiper-wrapper swiper-image-stretch\" aria-live=\"off\">\n\t\t\t\t\t\t\t\t<div class=\"swiper-slide\" role=\"group\" aria-roledescription=\"slide\" aria-label=\"1 de 2\"><figure class=\"swiper-slide-inner\"><img decoding=\"async\" class=\"swiper-slide-image\" src=\"https:\/\/bacderodasport.com\/wp-content\/uploads\/sites\/39\/2022\/12\/app-cet10-jupiter-4.jpg\" alt=\"bac de roda\" \/><\/figure><\/div><div class=\"swiper-slide\" role=\"group\" aria-roledescription=\"slide\" aria-label=\"2 de 2\"><figure class=\"swiper-slide-inner\"><img decoding=\"async\" class=\"swiper-slide-image\" src=\"https:\/\/bacderodasport.com\/wp-content\/uploads\/sites\/39\/2022\/12\/app-cet10-jupiter-6.jpg\" alt=\"bac de roda\" \/><\/figure><\/div>\t\t\t<\/div>\n\t\t\t\t\t\t\t\t\t\t\t\t<div class=\"elementor-swiper-button elementor-swiper-button-prev\" role=\"button\" tabindex=\"0\">\n\t\t\t\t\t\t<i aria-hidden=\"true\" class=\"eicon-chevron-left\"><\/i>\t\t\t\t\t<\/div>\n\t\t\t\t\t<div class=\"elementor-swiper-button elementor-swiper-button-next\" role=\"button\" tabindex=\"0\">\n\t\t\t\t\t\t<i aria-hidden=\"true\" class=\"eicon-chevron-right\"><\/i>\t\t\t\t\t<\/div>\n\t\t\t\t\n\t\t\t\t\t\t\t\t\t<div class=\"swiper-pagination\"><\/div>\n\t\t\t\t\t\t\t\t\t<\/div>\n\t\t\t\t\t\t<\/div>\n\t\t\t\t<\/div>\n\t\t\t\t\t<\/div>\n\t\t<\/div>\n\t\t\t\t\t<\/div>\n\t\t<\/section>\n\t\t<div class=\"elementor-element elementor-element-4cb4bf0 e-con-fit e-flex e-con e-parent\" data-id=\"4cb4bf0\" data-element_type=\"container\" data-e-type=\"container\" data-settings=\"{&quot;position&quot;:&quot;fixed&quot;}\">\n\t\t\t\t<div class=\"elementor-element elementor-element-0111f50 elementor-view-default elementor-widget elementor-widget-icon\" data-id=\"0111f50\" data-element_type=\"widget\" data-e-type=\"widget\" data-widget_type=\"icon.default\">\n\t\t\t\t<div class=\"elementor-widget-container\">\n\t\t\t\t\t\t\t<div class=\"elementor-icon-wrapper\">\n\t\t\t<a class=\"elementor-icon\" href=\"https:\/\/api.whatsapp.com\/send?phone=34663892904\">\n\t\t\t<svg xmlns=\"http:\/\/www.w3.org\/2000\/svg\" xmlns:xlink=\"http:\/\/www.w3.org\/1999\/xlink\" id=\"Layer_1\" style=\"enable-background:new 0 0 1000 1000;\" viewBox=\"0 0 1000 1000\" xml:space=\"preserve\"><style type=\"text\/css\">\t.st0{fill:#25D366;}\t.st1{fill-rule:evenodd;clip-rule:evenodd;fill:#FFFFFF;}<\/style><title><\/title><g><path class=\"st0\" d=\"M500,1000L500,1000C223.9,1000,0,776.1,0,500v0C0,223.9,223.9,0,500,0h0c276.1,0,500,223.9,500,500v0   C1000,776.1,776.1,1000,500,1000z\"><\/path><g><g id=\"WA_Logo\"><g><path class=\"st1\" d=\"M733.9,267.2c-62-62.1-144.6-96.3-232.5-96.4c-181.1,0-328.6,147.4-328.6,328.6      c0,57.9,15.1,114.5,43.9,164.3L170.1,834l174.2-45.7c48,26.2,102,40,157,40h0.1c0,0,0,0,0,0c181.1,0,328.5-147.4,328.6-328.6      C830.1,411.9,796,329.3,733.9,267.2z M501.5,772.8h-0.1c-49,0-97.1-13.2-139-38.1l-10-5.9L249,755.9l27.6-100.8l-6.5-10.3      c-27.3-43.5-41.8-93.7-41.8-145.4c0.1-150.6,122.6-273.1,273.3-273.1c73,0,141.5,28.5,193.1,80.1c51.6,51.6,80,120.3,79.9,193.2      C774.6,650.3,652,772.8,501.5,772.8z M651.3,568.2c-8.2-4.1-48.6-24-56.1-26.7c-7.5-2.7-13-4.1-18.5,4.1      c-5.5,8.2-21.2,26.7-26,32.2c-4.8,5.5-9.6,6.2-17.8,2.1c-8.2-4.1-34.7-12.8-66-40.8c-24.4-21.8-40.9-48.7-45.7-56.9      c-4.8-8.2-0.5-12.7,3.6-16.8c3.7-3.7,8.2-9.6,12.3-14.4c4.1-4.8,5.5-8.2,8.2-13.7c2.7-5.5,1.4-10.3-0.7-14.4      c-2.1-4.1-18.5-44.5-25.3-61c-6.7-16-13.4-13.8-18.5-14.1c-4.8-0.2-10.3-0.3-15.7-0.3c-5.5,0-14.4,2.1-21.9,10.3      c-7.5,8.2-28.7,28.1-28.7,68.5c0,40.4,29.4,79.5,33.5,84.9c4.1,5.5,57.9,88.4,140.3,124c19.6,8.5,34.9,13.5,46.8,17.3      c19.7,6.3,37.6,5.4,51.7,3.3c15.8-2.4,48.6-19.9,55.4-39c6.8-19.2,6.8-35.6,4.8-39C665,574.4,659.5,572.4,651.3,568.2z\"><\/path><\/g><\/g><\/g><\/g><\/svg>\t\t\t<\/a>\n\t\t<\/div>\n\t\t\t\t\t\t<\/div>\n\t\t\t\t<\/div>\n\t\t\t\t<\/div>\n\t\t<div class=\"elementor-element elementor-element-ff560eb e-flex e-con-boxed e-con e-parent\" data-id=\"ff560eb\" data-element_type=\"container\" data-e-type=\"container\">\n\t\t\t\t\t<div class=\"e-con-inner\">\n\t\t\t\t<div class=\"elementor-element elementor-element-c60f129 elementor-widget elementor-widget-html\" data-id=\"c60f129\" data-element_type=\"widget\" data-e-type=\"widget\" data-widget_type=\"html.default\">\n\t\t\t\t<div class=\"elementor-widget-container\">\n\t\t\t\t\t<style> \n\n\n\n\n\/* Fletxa per pujar p\u00e0gina *\/\n\n.scroll-top.on {\n    display: none\n}\n\n<\/style>\t\t\t\t<\/div>\n\t\t\t\t<\/div>\n\t\t\t\t\t<\/div>\n\t\t\t\t<\/div>\n\t\t\t\t<\/div>\n\t\t","protected":false},"excerpt":{"rendered":"<p>App CET10 Bac de Roda Conoce lo que te ofrece la App En esta aplicaci\u00f3n, encontrar\u00e1s nuevas maneras de registrar tu actividad, adem\u00e1s de tener a mano las gestiones del d\u00eda a d\u00eda: Reserva de clases:&nbsp;ya no ser\u00e1 necesario que lo hagas en el \u00e1rea cliente de la web, el proceso ser\u00e1 mucho m\u00e1s r\u00e1pido.&hellip;<\/p>\n","protected":false},"author":88,"featured_media":0,"parent":0,"menu_order":0,"comment_status":"closed","ping_status":"closed","template":"","meta":{"footnotes":""},"class_list":["post-136697","page","type-page","status-publish","hentry"],"yoast_head":"<!-- This site is optimized with the Yoast SEO plugin v26.8 - https:\/\/yoast.com\/product\/yoast-seo-wordpress\/ -->\n<title>Nova app CET10 Bac de Roda: el teu gym, a la butxaca!<\/title>\n<meta name=\"description\" content=\"Descarrega&#039;t la nostra app per portar al CEM Bac de Roda a la butxaca: reserva de classes, entrenaments, gym online i molt m\u00e9s!\" \/>\n<meta name=\"robots\" content=\"index, follow, max-snippet:-1, max-image-preview:large, max-video-preview:-1\" \/>\n<link rel=\"canonical\" href=\"https:\/\/bacderodasport.com\/es\/app\/\" \/>\n<meta property=\"og:locale\" content=\"es_ES\" \/>\n<meta property=\"og:type\" content=\"article\" \/>\n<meta property=\"og:title\" content=\"Nova app CET10 Bac de Roda: el teu gym, a la butxaca!\" \/>\n<meta property=\"og:description\" content=\"Descarrega&#039;t la nostra app per portar al CEM Bac de Roda a la butxaca: reserva de classes, entrenaments, gym online i molt m\u00e9s!\" \/>\n<meta property=\"og:url\" content=\"https:\/\/bacderodasport.com\/es\/app\/\" \/>\n<meta property=\"og:site_name\" content=\"Bac de Roda Sport\" \/>\n<meta property=\"article:modified_time\" content=\"2025-10-09T07:50:48+00:00\" \/>\n<meta property=\"og:image\" content=\"https:\/\/bacderodasport.com\/wp-content\/uploads\/sites\/39\/elementor\/thumbs\/app-mobil-app-store-malilla-rb5s6ltfpois14mqqunlbfmn7e97s1jbl49lgxlcns.jpg\" \/>\n<meta name=\"twitter:card\" content=\"summary_large_image\" \/>\n<meta name=\"twitter:label1\" content=\"Tiempo de lectura\" \/>\n\t<meta name=\"twitter:data1\" content=\"2 minutos\" \/>\n<script type=\"application\/ld+json\" class=\"yoast-schema-graph\">{\"@context\":\"https:\/\/schema.org\",\"@graph\":[{\"@type\":\"WebPage\",\"@id\":\"https:\/\/bacderodasport.com\/es\/app\/\",\"url\":\"https:\/\/bacderodasport.com\/es\/app\/\",\"name\":\"Nova app CET10 Bac de Roda: el teu gym, a la butxaca!\",\"isPartOf\":{\"@id\":\"https:\/\/bacderodasport.com\/es\/#website\"},\"primaryImageOfPage\":{\"@id\":\"https:\/\/bacderodasport.com\/es\/app\/#primaryimage\"},\"image\":{\"@id\":\"https:\/\/bacderodasport.com\/es\/app\/#primaryimage\"},\"thumbnailUrl\":\"https:\/\/bacderodasport.com\/wp-content\/uploads\/sites\/39\/elementor\/thumbs\/app-mobil-app-store-malilla-rb5s6ltfpois14mqqunlbfmn7e97s1jbl49lgxlcns.jpg\",\"datePublished\":\"2025-08-29T07:07:34+00:00\",\"dateModified\":\"2025-10-09T07:50:48+00:00\",\"description\":\"Descarrega't la nostra app per portar al CEM Bac de Roda a la butxaca: reserva de classes, entrenaments, gym online i molt m\u00e9s!\",\"breadcrumb\":{\"@id\":\"https:\/\/bacderodasport.com\/es\/app\/#breadcrumb\"},\"inLanguage\":\"es\",\"potentialAction\":[{\"@type\":\"ReadAction\",\"target\":[\"https:\/\/bacderodasport.com\/es\/app\/\"]}]},{\"@type\":\"ImageObject\",\"inLanguage\":\"es\",\"@id\":\"https:\/\/bacderodasport.com\/es\/app\/#primaryimage\",\"url\":\"https:\/\/bacderodasport.com\/wp-content\/uploads\/sites\/39\/elementor\/thumbs\/app-mobil-app-store-malilla-rb5s6ltfpois14mqqunlbfmn7e97s1jbl49lgxlcns.jpg\",\"contentUrl\":\"https:\/\/bacderodasport.com\/wp-content\/uploads\/sites\/39\/elementor\/thumbs\/app-mobil-app-store-malilla-rb5s6ltfpois14mqqunlbfmn7e97s1jbl49lgxlcns.jpg\"},{\"@type\":\"BreadcrumbList\",\"@id\":\"https:\/\/bacderodasport.com\/es\/app\/#breadcrumb\",\"itemListElement\":[{\"@type\":\"ListItem\",\"position\":1,\"name\":\"Portada\",\"item\":\"https:\/\/bacderodasport.com\/es\/\"},{\"@type\":\"ListItem\",\"position\":2,\"name\":\"App CET10 Bac de Roda\"}]},{\"@type\":\"WebSite\",\"@id\":\"https:\/\/bacderodasport.com\/es\/#website\",\"url\":\"https:\/\/bacderodasport.com\/es\/\",\"name\":\"Bac de Roda Sport\",\"description\":\"Centre Esportiu Municipal\",\"publisher\":{\"@id\":\"https:\/\/bacderodasport.com\/es\/#organization\"},\"potentialAction\":[{\"@type\":\"SearchAction\",\"target\":{\"@type\":\"EntryPoint\",\"urlTemplate\":\"https:\/\/bacderodasport.com\/es\/?s={search_term_string}\"},\"query-input\":{\"@type\":\"PropertyValueSpecification\",\"valueRequired\":true,\"valueName\":\"search_term_string\"}}],\"inLanguage\":\"es\"},{\"@type\":\"Organization\",\"@id\":\"https:\/\/bacderodasport.com\/es\/#organization\",\"name\":\"CEM J\u00fapiter\",\"url\":\"https:\/\/bacderodasport.com\/es\/\",\"logo\":{\"@type\":\"ImageObject\",\"inLanguage\":\"es\",\"@id\":\"https:\/\/bacderodasport.com\/es\/#\/schema\/logo\/image\/\",\"url\":\"https:\/\/bacderodasport.com\/wp-content\/uploads\/sites\/39\/2022\/01\/logo-bac-de-roda-horitzontal-online-web-desktop.png\",\"contentUrl\":\"https:\/\/bacderodasport.com\/wp-content\/uploads\/sites\/39\/2022\/01\/logo-bac-de-roda-horitzontal-online-web-desktop.png\",\"width\":264,\"height\":76,\"caption\":\"CEM J\u00fapiter\"},\"image\":{\"@id\":\"https:\/\/bacderodasport.com\/es\/#\/schema\/logo\/image\/\"}}]}<\/script>\n<!-- \/ Yoast SEO plugin. -->","yoast_head_json":{"title":"Nova app CET10 Bac de Roda: el teu gym, a la butxaca!","description":"Descarrega't la nostra app per portar al CEM Bac de Roda a la butxaca: reserva de classes, entrenaments, gym online i molt m\u00e9s!","robots":{"index":"index","follow":"follow","max-snippet":"max-snippet:-1","max-image-preview":"max-image-preview:large","max-video-preview":"max-video-preview:-1"},"canonical":"https:\/\/bacderodasport.com\/es\/app\/","og_locale":"es_ES","og_type":"article","og_title":"Nova app CET10 Bac de Roda: el teu gym, a la butxaca!","og_description":"Descarrega't la nostra app per portar al CEM Bac de Roda a la butxaca: reserva de classes, entrenaments, gym online i molt m\u00e9s!","og_url":"https:\/\/bacderodasport.com\/es\/app\/","og_site_name":"Bac de Roda Sport","article_modified_time":"2025-10-09T07:50:48+00:00","og_image":[{"url":"https:\/\/bacderodasport.com\/wp-content\/uploads\/sites\/39\/elementor\/thumbs\/app-mobil-app-store-malilla-rb5s6ltfpois14mqqunlbfmn7e97s1jbl49lgxlcns.jpg","type":"","width":"","height":""}],"twitter_card":"summary_large_image","twitter_misc":{"Tiempo de lectura":"2 minutos"},"schema":{"@context":"https:\/\/schema.org","@graph":[{"@type":"WebPage","@id":"https:\/\/bacderodasport.com\/es\/app\/","url":"https:\/\/bacderodasport.com\/es\/app\/","name":"Nova app CET10 Bac de Roda: el teu gym, a la butxaca!","isPartOf":{"@id":"https:\/\/bacderodasport.com\/es\/#website"},"primaryImageOfPage":{"@id":"https:\/\/bacderodasport.com\/es\/app\/#primaryimage"},"image":{"@id":"https:\/\/bacderodasport.com\/es\/app\/#primaryimage"},"thumbnailUrl":"https:\/\/bacderodasport.com\/wp-content\/uploads\/sites\/39\/elementor\/thumbs\/app-mobil-app-store-malilla-rb5s6ltfpois14mqqunlbfmn7e97s1jbl49lgxlcns.jpg","datePublished":"2025-08-29T07:07:34+00:00","dateModified":"2025-10-09T07:50:48+00:00","description":"Descarrega't la nostra app per portar al CEM Bac de Roda a la butxaca: reserva de classes, entrenaments, gym online i molt m\u00e9s!","breadcrumb":{"@id":"https:\/\/bacderodasport.com\/es\/app\/#breadcrumb"},"inLanguage":"es","potentialAction":[{"@type":"ReadAction","target":["https:\/\/bacderodasport.com\/es\/app\/"]}]},{"@type":"ImageObject","inLanguage":"es","@id":"https:\/\/bacderodasport.com\/es\/app\/#primaryimage","url":"https:\/\/bacderodasport.com\/wp-content\/uploads\/sites\/39\/elementor\/thumbs\/app-mobil-app-store-malilla-rb5s6ltfpois14mqqunlbfmn7e97s1jbl49lgxlcns.jpg","contentUrl":"https:\/\/bacderodasport.com\/wp-content\/uploads\/sites\/39\/elementor\/thumbs\/app-mobil-app-store-malilla-rb5s6ltfpois14mqqunlbfmn7e97s1jbl49lgxlcns.jpg"},{"@type":"BreadcrumbList","@id":"https:\/\/bacderodasport.com\/es\/app\/#breadcrumb","itemListElement":[{"@type":"ListItem","position":1,"name":"Portada","item":"https:\/\/bacderodasport.com\/es\/"},{"@type":"ListItem","position":2,"name":"App CET10 Bac de Roda"}]},{"@type":"WebSite","@id":"https:\/\/bacderodasport.com\/es\/#website","url":"https:\/\/bacderodasport.com\/es\/","name":"Bac de Roda Sport","description":"Centre Esportiu Municipal","publisher":{"@id":"https:\/\/bacderodasport.com\/es\/#organization"},"potentialAction":[{"@type":"SearchAction","target":{"@type":"EntryPoint","urlTemplate":"https:\/\/bacderodasport.com\/es\/?s={search_term_string}"},"query-input":{"@type":"PropertyValueSpecification","valueRequired":true,"valueName":"search_term_string"}}],"inLanguage":"es"},{"@type":"Organization","@id":"https:\/\/bacderodasport.com\/es\/#organization","name":"CEM J\u00fapiter","url":"https:\/\/bacderodasport.com\/es\/","logo":{"@type":"ImageObject","inLanguage":"es","@id":"https:\/\/bacderodasport.com\/es\/#\/schema\/logo\/image\/","url":"https:\/\/bacderodasport.com\/wp-content\/uploads\/sites\/39\/2022\/01\/logo-bac-de-roda-horitzontal-online-web-desktop.png","contentUrl":"https:\/\/bacderodasport.com\/wp-content\/uploads\/sites\/39\/2022\/01\/logo-bac-de-roda-horitzontal-online-web-desktop.png","width":264,"height":76,"caption":"CEM J\u00fapiter"},"image":{"@id":"https:\/\/bacderodasport.com\/es\/#\/schema\/logo\/image\/"}}]}},"_links":{"self":[{"href":"https:\/\/bacderodasport.com\/es\/wp-json\/wp\/v2\/pages\/136697","targetHints":{"allow":["GET"]}}],"collection":[{"href":"https:\/\/bacderodasport.com\/es\/wp-json\/wp\/v2\/pages"}],"about":[{"href":"https:\/\/bacderodasport.com\/es\/wp-json\/wp\/v2\/types\/page"}],"author":[{"embeddable":true,"href":"https:\/\/bacderodasport.com\/es\/wp-json\/wp\/v2\/users\/88"}],"replies":[{"embeddable":true,"href":"https:\/\/bacderodasport.com\/es\/wp-json\/wp\/v2\/comments?post=136697"}],"version-history":[{"count":0,"href":"https:\/\/bacderodasport.com\/es\/wp-json\/wp\/v2\/pages\/136697\/revisions"}],"wp:attachment":[{"href":"https:\/\/bacderodasport.com\/es\/wp-json\/wp\/v2\/media?parent=136697"}],"curies":[{"name":"wp","href":"https:\/\/api.w.org\/{rel}","templated":true}]}}