{"id":136882,"date":"2025-09-01T13:35:30","date_gmt":"2025-09-01T11:35:30","guid":{"rendered":"https:\/\/bacderodasport.com\/?page_id=136882"},"modified":"2025-09-04T17:45:49","modified_gmt":"2025-09-04T15:45:49","slug":"trabaja-con-nosotros","status":"publish","type":"page","link":"https:\/\/bacderodasport.com\/es\/trabaja-con-nosotros\/","title":{"rendered":"Trabaja con nosotros"},"content":{"rendered":"\t\t<div data-elementor-type=\"wp-page\" data-elementor-id=\"136882\" class=\"elementor elementor-136882 elementor-136875\" data-elementor-post-type=\"page\">\n\t\t\t\t<div class=\"elementor-element elementor-element-17177e04 e-con-full full-width e-flex e-con e-parent\" data-id=\"17177e04\" data-element_type=\"container\" data-e-type=\"container\" data-settings=\"{&quot;background_background&quot;:&quot;classic&quot;}\">\n\t\t<div class=\"elementor-element elementor-element-43279f6c e-con-full e-flex e-con e-child\" data-id=\"43279f6c\" data-element_type=\"container\" data-e-type=\"container\" data-settings=\"{&quot;background_background&quot;:&quot;classic&quot;}\">\n\t\t\t\t<div class=\"elementor-element elementor-element-60d5bb4b elementor-widget elementor-widget-heading\" data-id=\"60d5bb4b\" data-element_type=\"widget\" data-e-type=\"widget\" data-widget_type=\"heading.default\">\n\t\t\t\t<div class=\"elementor-widget-container\">\n\t\t\t\t\t<h1 class=\"elementor-heading-title elementor-size-default\">\u00a1\u00danete a nuestro equipo!<\/h1>\t\t\t\t<\/div>\n\t\t\t\t<\/div>\n\t\t\t\t<\/div>\n\t\t\t\t<\/div>\n\t\t<div class=\"elementor-element elementor-element-ebe2400 e-flex e-con-boxed e-con e-parent\" data-id=\"ebe2400\" data-element_type=\"container\" data-e-type=\"container\">\n\t\t\t\t\t<div class=\"e-con-inner\">\n\t\t<div class=\"elementor-element elementor-element-6fe28de4 e-con-full e-flex e-con e-child\" data-id=\"6fe28de4\" data-element_type=\"container\" data-e-type=\"container\">\n\t\t\t\t<div class=\"elementor-element elementor-element-3d1829f6 elementor-widget elementor-widget-heading\" data-id=\"3d1829f6\" data-element_type=\"widget\" data-e-type=\"widget\" data-widget_type=\"heading.default\">\n\t\t\t\t<div class=\"elementor-widget-container\">\n\t\t\t\t\t<h2 class=\"elementor-heading-title elementor-size-default\">Trabaja con nosotros<\/h2>\t\t\t\t<\/div>\n\t\t\t\t<\/div>\n\t\t\t\t<div class=\"elementor-element elementor-element-864b80b elementor-widget elementor-widget-text-editor\" data-id=\"864b80b\" data-element_type=\"widget\" data-e-type=\"widget\" data-widget_type=\"text-editor.default\">\n\t\t\t\t<div class=\"elementor-widget-container\">\n\t\t\t\t\t\t\t\t\t<p><strong>\u00a1Trabaja con nosotros!\u00a0<\/strong>Ser del<strong>\u00a0CEM Bac de Roda<\/strong>\u00a0es formar parte de un equipo de gente joven y altamente profesional. Gestionamos un centro deportivo muy activo y en constante evoluci\u00f3n.<\/p><p>Si eres t\u00e9cnico en Fitness o Licenciado en Educaci\u00f3n F\u00edsica y quieres formar parte de nuestro\u00a0<strong><a href=\"https:\/\/bacderodasport.com\/es\/equip\/\">equipo,<\/a><\/strong> env\u00edanos tu CV y lo tendremos en cuenta para nuestros proyectos.<\/p><p>Nuestro equipo de profesionales est\u00e1 formado por:<\/p>\t\t\t\t\t\t\t\t<\/div>\n\t\t\t\t<\/div>\n\t\t\t\t<div class=\"elementor-element elementor-element-5b83cd5e elementor-icon-list--layout-traditional elementor-list-item-link-full_width elementor-widget elementor-widget-icon-list\" data-id=\"5b83cd5e\" data-element_type=\"widget\" data-e-type=\"widget\" data-widget_type=\"icon-list.default\">\n\t\t\t\t<div class=\"elementor-widget-container\">\n\t\t\t\t\t\t\t<ul class=\"elementor-icon-list-items\">\n\t\t\t\t\t\t\t<li class=\"elementor-icon-list-item\">\n\t\t\t\t\t\t\t\t\t\t\t<span class=\"elementor-icon-list-icon\">\n\t\t\t\t\t\t\t<i aria-hidden=\"true\" class=\" icomoon-the7-font-the7-arrow-37\"><\/i>\t\t\t\t\t\t<\/span>\n\t\t\t\t\t\t\t\t\t\t<span class=\"elementor-icon-list-text\"><b>FITNESS: <\/b>Entrenador Personal \/ Entrenador Personal Pilates Reformer \/ Fisioterapeuta. <\/span>\n\t\t\t\t\t\t\t\t\t<\/li>\n\t\t\t\t\t\t\t\t<li class=\"elementor-icon-list-item\">\n\t\t\t\t\t\t\t\t\t\t\t<span class=\"elementor-icon-list-icon\">\n\t\t\t\t\t\t\t<i aria-hidden=\"true\" class=\" icomoon-the7-font-the7-arrow-37\"><\/i>\t\t\t\t\t\t<\/span>\n\t\t\t\t\t\t\t\t\t\t<span class=\"elementor-icon-list-text\"><b>PISCINA: <\/b>Socorrista \/ T\u00e9cnico de cursillos \/ T\u00e9cnico de actividades acu\u00e1ticas. <\/span>\n\t\t\t\t\t\t\t\t\t<\/li>\n\t\t\t\t\t\t\t\t<li class=\"elementor-icon-list-item\">\n\t\t\t\t\t\t\t\t\t\t\t<span class=\"elementor-icon-list-icon\">\n\t\t\t\t\t\t\t<i aria-hidden=\"true\" class=\" icomoon-the7-font-the7-arrow-37\"><\/i>\t\t\t\t\t\t<\/span>\n\t\t\t\t\t\t\t\t\t\t<span class=\"elementor-icon-list-text\"><b>ATENCI\u00d3N AL USUARIO: <\/b>Recepci\u00f3n y Dept. Comercial de centros deportivos. <\/span>\n\t\t\t\t\t\t\t\t\t<\/li>\n\t\t\t\t\t\t<\/ul>\n\t\t\t\t\t\t<\/div>\n\t\t\t\t<\/div>\n\t\t\t\t<div class=\"elementor-element elementor-element-7a0c44a9 elementor-widget elementor-widget-text-editor\" data-id=\"7a0c44a9\" data-element_type=\"widget\" data-e-type=\"widget\" data-widget_type=\"text-editor.default\">\n\t\t\t\t<div class=\"elementor-widget-container\">\n\t\t\t\t\t\t\t\t\t<p>Se valorar\u00e1\u00a0polivalencia y\u00a0experiencia en centros deportivos.<\/p><p>\u00a1No lo dudes y an\u00edmate a formar parte de nuestro equipo!<\/p>\t\t\t\t\t\t\t\t<\/div>\n\t\t\t\t<\/div>\n\t\t\t\t<\/div>\n\t\t<div class=\"elementor-element elementor-element-4ef881f6 e-con-full e-flex e-con e-child\" data-id=\"4ef881f6\" data-element_type=\"container\" data-e-type=\"container\" data-settings=\"{&quot;background_background&quot;:&quot;classic&quot;}\">\n\t\t\t\t<div class=\"elementor-element elementor-element-66cc6abb elementor-align-justify elementor-widget elementor-widget-button\" data-id=\"66cc6abb\" data-element_type=\"widget\" data-e-type=\"widget\" data-widget_type=\"button.default\">\n\t\t\t\t<div class=\"elementor-widget-container\">\n\t\t\t\t\t\t\t\t\t<div class=\"elementor-button-wrapper\">\n\t\t\t\t\t<a class=\"elementor-button elementor-button-link elementor-size-sm\" href=\"mailto:info@bacderodasport.com\">\n\t\t\t\t\t\t<span class=\"elementor-button-content-wrapper\">\n\t\t\t\t\t\t\t\t\t<span class=\"elementor-button-text\">ENVIAR CURR\u00cdCULUM VITAE<\/span>\n\t\t\t\t\t<\/span>\n\t\t\t\t\t<\/a>\n\t\t\t\t<\/div>\n\t\t\t\t\t\t\t\t<\/div>\n\t\t\t\t<\/div>\n\t\t\t\t<div class=\"elementor-element elementor-element-43da1deb elementor-widget elementor-widget-image\" data-id=\"43da1deb\" data-element_type=\"widget\" data-e-type=\"widget\" data-widget_type=\"image.default\">\n\t\t\t\t<div class=\"elementor-widget-container\">\n\t\t\t\t\t\t\t\t\t\t\t\t\t\t\t<img fetchpriority=\"high\" decoding=\"async\" width=\"550\" height=\"306\" src=\"https:\/\/bacderodasport.com\/wp-content\/uploads\/sites\/39\/2018\/11\/trabaja-con-nosotros.jpg\" class=\"attachment-full size-full wp-image-1444\" alt=\"Treballa amb nosaltres\" srcset=\"https:\/\/bacderodasport.com\/wp-content\/uploads\/sites\/39\/2018\/11\/trabaja-con-nosotros.jpg 550w, https:\/\/bacderodasport.com\/wp-content\/uploads\/sites\/39\/2018\/11\/trabaja-con-nosotros-300x167.jpg 300w\" sizes=\"(max-width: 550px) 100vw, 550px\" \/>\t\t\t\t\t\t\t\t\t\t\t\t\t\t\t<\/div>\n\t\t\t\t<\/div>\n\t\t\t\t<\/div>\n\t\t\t\t\t<\/div>\n\t\t\t\t<\/div>\n\t\t<div class=\"elementor-element elementor-element-2a77308a e-con-fit e-flex e-con e-parent\" data-id=\"2a77308a\" data-element_type=\"container\" data-e-type=\"container\" data-settings=\"{&quot;position&quot;:&quot;fixed&quot;}\">\n\t\t\t\t<div class=\"elementor-element elementor-element-2e72380f elementor-view-default elementor-widget elementor-widget-icon\" data-id=\"2e72380f\" data-element_type=\"widget\" data-e-type=\"widget\" id=\"boto-whatsapp\" data-widget_type=\"icon.default\">\n\t\t\t\t<div class=\"elementor-widget-container\">\n\t\t\t\t\t\t\t<div class=\"elementor-icon-wrapper\">\n\t\t\t<a class=\"elementor-icon\" href=\"https:\/\/api.whatsapp.com\/send?phone=34663892904\">\n\t\t\t<svg xmlns=\"http:\/\/www.w3.org\/2000\/svg\" xmlns:xlink=\"http:\/\/www.w3.org\/1999\/xlink\" id=\"Layer_1\" style=\"enable-background:new 0 0 1000 1000;\" viewBox=\"0 0 1000 1000\" xml:space=\"preserve\"><style type=\"text\/css\">\t.st0{fill:#25D366;}\t.st1{fill-rule:evenodd;clip-rule:evenodd;fill:#FFFFFF;}<\/style><title><\/title><g><path class=\"st0\" d=\"M500,1000L500,1000C223.9,1000,0,776.1,0,500v0C0,223.9,223.9,0,500,0h0c276.1,0,500,223.9,500,500v0   C1000,776.1,776.1,1000,500,1000z\"><\/path><g><g id=\"WA_Logo\"><g><path class=\"st1\" d=\"M733.9,267.2c-62-62.1-144.6-96.3-232.5-96.4c-181.1,0-328.6,147.4-328.6,328.6      c0,57.9,15.1,114.5,43.9,164.3L170.1,834l174.2-45.7c48,26.2,102,40,157,40h0.1c0,0,0,0,0,0c181.1,0,328.5-147.4,328.6-328.6      C830.1,411.9,796,329.3,733.9,267.2z M501.5,772.8h-0.1c-49,0-97.1-13.2-139-38.1l-10-5.9L249,755.9l27.6-100.8l-6.5-10.3      c-27.3-43.5-41.8-93.7-41.8-145.4c0.1-150.6,122.6-273.1,273.3-273.1c73,0,141.5,28.5,193.1,80.1c51.6,51.6,80,120.3,79.9,193.2      C774.6,650.3,652,772.8,501.5,772.8z M651.3,568.2c-8.2-4.1-48.6-24-56.1-26.7c-7.5-2.7-13-4.1-18.5,4.1      c-5.5,8.2-21.2,26.7-26,32.2c-4.8,5.5-9.6,6.2-17.8,2.1c-8.2-4.1-34.7-12.8-66-40.8c-24.4-21.8-40.9-48.7-45.7-56.9      c-4.8-8.2-0.5-12.7,3.6-16.8c3.7-3.7,8.2-9.6,12.3-14.4c4.1-4.8,5.5-8.2,8.2-13.7c2.7-5.5,1.4-10.3-0.7-14.4      c-2.1-4.1-18.5-44.5-25.3-61c-6.7-16-13.4-13.8-18.5-14.1c-4.8-0.2-10.3-0.3-15.7-0.3c-5.5,0-14.4,2.1-21.9,10.3      c-7.5,8.2-28.7,28.1-28.7,68.5c0,40.4,29.4,79.5,33.5,84.9c4.1,5.5,57.9,88.4,140.3,124c19.6,8.5,34.9,13.5,46.8,17.3      c19.7,6.3,37.6,5.4,51.7,3.3c15.8-2.4,48.6-19.9,55.4-39c6.8-19.2,6.8-35.6,4.8-39C665,574.4,659.5,572.4,651.3,568.2z\"><\/path><\/g><\/g><\/g><\/g><\/svg>\t\t\t<\/a>\n\t\t<\/div>\n\t\t\t\t\t\t<\/div>\n\t\t\t\t<\/div>\n\t\t\t\t<\/div>\n\t\t\t\t<\/div>\n\t\t","protected":false},"excerpt":{"rendered":"<p>\u00a1\u00danete a nuestro equipo! Trabaja con nosotros \u00a1Trabaja con nosotros!\u00a0Ser del\u00a0CEM Bac de Roda\u00a0es formar parte de un equipo de gente joven y altamente profesional. Gestionamos un centro deportivo muy activo y en constante evoluci\u00f3n. Si eres t\u00e9cnico en Fitness o Licenciado en Educaci\u00f3n F\u00edsica y quieres formar parte de nuestro\u00a0equipo, env\u00edanos tu CV y&hellip;<\/p>\n","protected":false},"author":67,"featured_media":34205,"parent":0,"menu_order":0,"comment_status":"closed","ping_status":"closed","template":"","meta":{"footnotes":""},"class_list":["post-136882","page","type-page","status-publish","has-post-thumbnail","hentry"],"yoast_head":"<!-- This site is optimized with the Yoast SEO plugin v26.8 - https:\/\/yoast.com\/product\/yoast-seo-wordpress\/ -->\n<title>Trabaja con nosotros \u00a1Cont\u00e1ctanos! | CEM Bac de Roda<\/title>\n<meta name=\"description\" content=\"\u00bfQuieres trabajar en el CEM Bac de Roda? Trabajar en el CEM BDR es formar parte de un equipo de gente altamente profesional.\" \/>\n<meta name=\"robots\" content=\"index, follow, max-snippet:-1, max-image-preview:large, max-video-preview:-1\" \/>\n<link rel=\"canonical\" href=\"https:\/\/bacderodasport.com\/es\/trabaja-con-nosotros\/\" \/>\n<meta property=\"og:locale\" content=\"es_ES\" \/>\n<meta property=\"og:type\" content=\"article\" \/>\n<meta property=\"og:title\" content=\"Trabaja con nosotros \u00a1Cont\u00e1ctanos! | CEM Bac de Roda\" \/>\n<meta property=\"og:description\" content=\"\u00bfQuieres trabajar en el CEM Bac de Roda? Trabajar en el CEM BDR es formar parte de un equipo de gente altamente profesional.\" \/>\n<meta property=\"og:url\" content=\"https:\/\/bacderodasport.com\/es\/trabaja-con-nosotros\/\" \/>\n<meta property=\"og:site_name\" content=\"Bac de Roda Sport\" \/>\n<meta property=\"article:modified_time\" content=\"2025-09-04T15:45:49+00:00\" \/>\n<meta property=\"og:image\" content=\"https:\/\/bacderodasport.com\/wp-content\/uploads\/sites\/39\/2024\/03\/treballa-nosaltres-tecnic.webp\" \/>\n\t<meta property=\"og:image:width\" content=\"600\" \/>\n\t<meta property=\"og:image:height\" content=\"400\" \/>\n\t<meta property=\"og:image:type\" content=\"image\/webp\" \/>\n<meta name=\"twitter:card\" content=\"summary_large_image\" \/>\n<meta name=\"twitter:label1\" content=\"Tiempo de lectura\" \/>\n\t<meta name=\"twitter:data1\" content=\"1 minuto\" \/>\n<script type=\"application\/ld+json\" class=\"yoast-schema-graph\">{\"@context\":\"https:\/\/schema.org\",\"@graph\":[{\"@type\":\"WebPage\",\"@id\":\"https:\/\/bacderodasport.com\/es\/trabaja-con-nosotros\/\",\"url\":\"https:\/\/bacderodasport.com\/es\/trabaja-con-nosotros\/\",\"name\":\"Trabaja con nosotros \u00a1Cont\u00e1ctanos! | CEM Bac de Roda\",\"isPartOf\":{\"@id\":\"https:\/\/bacderodasport.com\/es\/#website\"},\"primaryImageOfPage\":{\"@id\":\"https:\/\/bacderodasport.com\/es\/trabaja-con-nosotros\/#primaryimage\"},\"image\":{\"@id\":\"https:\/\/bacderodasport.com\/es\/trabaja-con-nosotros\/#primaryimage\"},\"thumbnailUrl\":\"https:\/\/bacderodasport.com\/wp-content\/uploads\/sites\/39\/2024\/03\/treballa-nosaltres-tecnic.webp\",\"datePublished\":\"2025-09-01T11:35:30+00:00\",\"dateModified\":\"2025-09-04T15:45:49+00:00\",\"description\":\"\u00bfQuieres trabajar en el CEM Bac de Roda? Trabajar en el CEM BDR es formar parte de un equipo de gente altamente profesional.\",\"breadcrumb\":{\"@id\":\"https:\/\/bacderodasport.com\/es\/trabaja-con-nosotros\/#breadcrumb\"},\"inLanguage\":\"es\",\"potentialAction\":[{\"@type\":\"ReadAction\",\"target\":[\"https:\/\/bacderodasport.com\/es\/trabaja-con-nosotros\/\"]}]},{\"@type\":\"ImageObject\",\"inLanguage\":\"es\",\"@id\":\"https:\/\/bacderodasport.com\/es\/trabaja-con-nosotros\/#primaryimage\",\"url\":\"https:\/\/bacderodasport.com\/wp-content\/uploads\/sites\/39\/2024\/03\/treballa-nosaltres-tecnic.webp\",\"contentUrl\":\"https:\/\/bacderodasport.com\/wp-content\/uploads\/sites\/39\/2024\/03\/treballa-nosaltres-tecnic.webp\",\"width\":600,\"height\":400,\"caption\":\"treballa amb nosaltres\"},{\"@type\":\"BreadcrumbList\",\"@id\":\"https:\/\/bacderodasport.com\/es\/trabaja-con-nosotros\/#breadcrumb\",\"itemListElement\":[{\"@type\":\"ListItem\",\"position\":1,\"name\":\"Portada\",\"item\":\"https:\/\/bacderodasport.com\/es\/\"},{\"@type\":\"ListItem\",\"position\":2,\"name\":\"Trabaja con nosotros\"}]},{\"@type\":\"WebSite\",\"@id\":\"https:\/\/bacderodasport.com\/es\/#website\",\"url\":\"https:\/\/bacderodasport.com\/es\/\",\"name\":\"Bac de Roda Sport\",\"description\":\"Centre Esportiu Municipal\",\"publisher\":{\"@id\":\"https:\/\/bacderodasport.com\/es\/#organization\"},\"potentialAction\":[{\"@type\":\"SearchAction\",\"target\":{\"@type\":\"EntryPoint\",\"urlTemplate\":\"https:\/\/bacderodasport.com\/es\/?s={search_term_string}\"},\"query-input\":{\"@type\":\"PropertyValueSpecification\",\"valueRequired\":true,\"valueName\":\"search_term_string\"}}],\"inLanguage\":\"es\"},{\"@type\":\"Organization\",\"@id\":\"https:\/\/bacderodasport.com\/es\/#organization\",\"name\":\"CEM J\u00fapiter\",\"url\":\"https:\/\/bacderodasport.com\/es\/\",\"logo\":{\"@type\":\"ImageObject\",\"inLanguage\":\"es\",\"@id\":\"https:\/\/bacderodasport.com\/es\/#\/schema\/logo\/image\/\",\"url\":\"https:\/\/bacderodasport.com\/wp-content\/uploads\/sites\/39\/2022\/01\/logo-bac-de-roda-horitzontal-online-web-desktop.png\",\"contentUrl\":\"https:\/\/bacderodasport.com\/wp-content\/uploads\/sites\/39\/2022\/01\/logo-bac-de-roda-horitzontal-online-web-desktop.png\",\"width\":264,\"height\":76,\"caption\":\"CEM J\u00fapiter\"},\"image\":{\"@id\":\"https:\/\/bacderodasport.com\/es\/#\/schema\/logo\/image\/\"}}]}<\/script>\n<!-- \/ Yoast SEO plugin. -->","yoast_head_json":{"title":"Trabaja con nosotros \u00a1Cont\u00e1ctanos! | CEM Bac de Roda","description":"\u00bfQuieres trabajar en el CEM Bac de Roda? Trabajar en el CEM BDR es formar parte de un equipo de gente altamente profesional.","robots":{"index":"index","follow":"follow","max-snippet":"max-snippet:-1","max-image-preview":"max-image-preview:large","max-video-preview":"max-video-preview:-1"},"canonical":"https:\/\/bacderodasport.com\/es\/trabaja-con-nosotros\/","og_locale":"es_ES","og_type":"article","og_title":"Trabaja con nosotros \u00a1Cont\u00e1ctanos! | CEM Bac de Roda","og_description":"\u00bfQuieres trabajar en el CEM Bac de Roda? Trabajar en el CEM BDR es formar parte de un equipo de gente altamente profesional.","og_url":"https:\/\/bacderodasport.com\/es\/trabaja-con-nosotros\/","og_site_name":"Bac de Roda Sport","article_modified_time":"2025-09-04T15:45:49+00:00","og_image":[{"width":600,"height":400,"url":"https:\/\/bacderodasport.com\/wp-content\/uploads\/sites\/39\/2024\/03\/treballa-nosaltres-tecnic.webp","type":"image\/webp"}],"twitter_card":"summary_large_image","twitter_misc":{"Tiempo de lectura":"1 minuto"},"schema":{"@context":"https:\/\/schema.org","@graph":[{"@type":"WebPage","@id":"https:\/\/bacderodasport.com\/es\/trabaja-con-nosotros\/","url":"https:\/\/bacderodasport.com\/es\/trabaja-con-nosotros\/","name":"Trabaja con nosotros \u00a1Cont\u00e1ctanos! | CEM Bac de Roda","isPartOf":{"@id":"https:\/\/bacderodasport.com\/es\/#website"},"primaryImageOfPage":{"@id":"https:\/\/bacderodasport.com\/es\/trabaja-con-nosotros\/#primaryimage"},"image":{"@id":"https:\/\/bacderodasport.com\/es\/trabaja-con-nosotros\/#primaryimage"},"thumbnailUrl":"https:\/\/bacderodasport.com\/wp-content\/uploads\/sites\/39\/2024\/03\/treballa-nosaltres-tecnic.webp","datePublished":"2025-09-01T11:35:30+00:00","dateModified":"2025-09-04T15:45:49+00:00","description":"\u00bfQuieres trabajar en el CEM Bac de Roda? Trabajar en el CEM BDR es formar parte de un equipo de gente altamente profesional.","breadcrumb":{"@id":"https:\/\/bacderodasport.com\/es\/trabaja-con-nosotros\/#breadcrumb"},"inLanguage":"es","potentialAction":[{"@type":"ReadAction","target":["https:\/\/bacderodasport.com\/es\/trabaja-con-nosotros\/"]}]},{"@type":"ImageObject","inLanguage":"es","@id":"https:\/\/bacderodasport.com\/es\/trabaja-con-nosotros\/#primaryimage","url":"https:\/\/bacderodasport.com\/wp-content\/uploads\/sites\/39\/2024\/03\/treballa-nosaltres-tecnic.webp","contentUrl":"https:\/\/bacderodasport.com\/wp-content\/uploads\/sites\/39\/2024\/03\/treballa-nosaltres-tecnic.webp","width":600,"height":400,"caption":"treballa amb nosaltres"},{"@type":"BreadcrumbList","@id":"https:\/\/bacderodasport.com\/es\/trabaja-con-nosotros\/#breadcrumb","itemListElement":[{"@type":"ListItem","position":1,"name":"Portada","item":"https:\/\/bacderodasport.com\/es\/"},{"@type":"ListItem","position":2,"name":"Trabaja con nosotros"}]},{"@type":"WebSite","@id":"https:\/\/bacderodasport.com\/es\/#website","url":"https:\/\/bacderodasport.com\/es\/","name":"Bac de Roda Sport","description":"Centre Esportiu Municipal","publisher":{"@id":"https:\/\/bacderodasport.com\/es\/#organization"},"potentialAction":[{"@type":"SearchAction","target":{"@type":"EntryPoint","urlTemplate":"https:\/\/bacderodasport.com\/es\/?s={search_term_string}"},"query-input":{"@type":"PropertyValueSpecification","valueRequired":true,"valueName":"search_term_string"}}],"inLanguage":"es"},{"@type":"Organization","@id":"https:\/\/bacderodasport.com\/es\/#organization","name":"CEM J\u00fapiter","url":"https:\/\/bacderodasport.com\/es\/","logo":{"@type":"ImageObject","inLanguage":"es","@id":"https:\/\/bacderodasport.com\/es\/#\/schema\/logo\/image\/","url":"https:\/\/bacderodasport.com\/wp-content\/uploads\/sites\/39\/2022\/01\/logo-bac-de-roda-horitzontal-online-web-desktop.png","contentUrl":"https:\/\/bacderodasport.com\/wp-content\/uploads\/sites\/39\/2022\/01\/logo-bac-de-roda-horitzontal-online-web-desktop.png","width":264,"height":76,"caption":"CEM J\u00fapiter"},"image":{"@id":"https:\/\/bacderodasport.com\/es\/#\/schema\/logo\/image\/"}}]}},"_links":{"self":[{"href":"https:\/\/bacderodasport.com\/es\/wp-json\/wp\/v2\/pages\/136882","targetHints":{"allow":["GET"]}}],"collection":[{"href":"https:\/\/bacderodasport.com\/es\/wp-json\/wp\/v2\/pages"}],"about":[{"href":"https:\/\/bacderodasport.com\/es\/wp-json\/wp\/v2\/types\/page"}],"author":[{"embeddable":true,"href":"https:\/\/bacderodasport.com\/es\/wp-json\/wp\/v2\/users\/67"}],"replies":[{"embeddable":true,"href":"https:\/\/bacderodasport.com\/es\/wp-json\/wp\/v2\/comments?post=136882"}],"version-history":[{"count":0,"href":"https:\/\/bacderodasport.com\/es\/wp-json\/wp\/v2\/pages\/136882\/revisions"}],"wp:featuredmedia":[{"embeddable":true,"href":"https:\/\/bacderodasport.com\/es\/wp-json\/wp\/v2\/media\/34205"}],"wp:attachment":[{"href":"https:\/\/bacderodasport.com\/es\/wp-json\/wp\/v2\/media?parent=136882"}],"curies":[{"name":"wp","href":"https:\/\/api.w.org\/{rel}","templated":true}]}}