{"id":137218,"date":"2025-09-02T13:41:42","date_gmt":"2025-09-02T11:41:42","guid":{"rendered":"https:\/\/bacderodasport.com\/?page_id=137218"},"modified":"2025-10-13T09:26:34","modified_gmt":"2025-10-13T07:26:34","slug":"mywellness","status":"publish","type":"page","link":"https:\/\/bacderodasport.com\/es\/mywellness\/","title":{"rendered":"Mywellness"},"content":{"rendered":"\t\t<div data-elementor-type=\"wp-page\" data-elementor-id=\"137218\" class=\"elementor elementor-137218 elementor-137039\" data-elementor-post-type=\"page\">\n\t\t\t\t<div class=\"elementor-element elementor-element-293d55ae e-flex e-con-boxed e-con e-parent\" data-id=\"293d55ae\" data-element_type=\"container\" data-e-type=\"container\">\n\t\t\t\t\t<div class=\"e-con-inner\">\n\t\t<div class=\"elementor-element elementor-element-199d1d1e e-con-full full-width e-flex e-con e-child\" data-id=\"199d1d1e\" data-element_type=\"container\" data-e-type=\"container\" data-settings=\"{&quot;background_background&quot;:&quot;classic&quot;}\">\n\t\t<div class=\"elementor-element elementor-element-ff36ab e-con-full e-flex e-con e-child\" data-id=\"ff36ab\" data-element_type=\"container\" data-e-type=\"container\" data-settings=\"{&quot;background_background&quot;:&quot;classic&quot;}\">\n\t\t\t\t<div class=\"elementor-element elementor-element-1b64835d elementor-widget elementor-widget-heading\" data-id=\"1b64835d\" data-element_type=\"widget\" data-e-type=\"widget\" data-widget_type=\"heading.default\">\n\t\t\t\t<div class=\"elementor-widget-container\">\n\t\t\t\t\t<h1 class=\"elementor-heading-title elementor-size-default\"><span style=\"font-family: Roboto, Helvetica, Arial, Verdana, sans-serif\">App<\/span> Mywellness, deporte dentro y fuera del gimnasio\n<\/h1>\t\t\t\t<\/div>\n\t\t\t\t<\/div>\n\t\t\t\t<\/div>\n\t\t\t\t<\/div>\n\t\t\t\t\t<\/div>\n\t\t\t\t<\/div>\n\t\t<div class=\"elementor-element elementor-element-63e53bf2 e-flex e-con-boxed e-con e-parent\" data-id=\"63e53bf2\" data-element_type=\"container\" data-e-type=\"container\">\n\t\t\t\t\t<div class=\"e-con-inner\">\n\t\t<div class=\"elementor-element elementor-element-40303966 e-con-full e-flex e-con e-child\" data-id=\"40303966\" data-element_type=\"container\" data-e-type=\"container\">\n\t\t\t\t<div class=\"elementor-element elementor-element-437baaa1 elementor-widget elementor-widget-heading\" data-id=\"437baaa1\" data-element_type=\"widget\" data-e-type=\"widget\" data-widget_type=\"heading.default\">\n\t\t\t\t<div class=\"elementor-widget-container\">\n\t\t\t\t\t<h2 class=\"elementor-heading-title elementor-size-default\">Utiliza nuestra app dentro y fuera del gimnasio<\/h2>\t\t\t\t<\/div>\n\t\t\t\t<\/div>\n\t\t\t\t<div class=\"elementor-element elementor-element-7c7fcf4a elementor-widget elementor-widget-text-editor\" data-id=\"7c7fcf4a\" data-element_type=\"widget\" data-e-type=\"widget\" data-widget_type=\"text-editor.default\">\n\t\t\t\t<div class=\"elementor-widget-container\">\n\t\t\t\t\t\t\t\t\t<p>Mywellness es la app del CEM Bac de Roda con la que podr\u00e1s monitorizar tu actividad f\u00edsica dentro y fuera del centro. \u00a1Adem\u00e1s, podr\u00e1s participar en retos deportivos y ganar premios haciendo lo que m\u00e1s te gusta, practicar deporte!<\/p><p>Si a\u00fan no lo has hecho, <strong>reg\u00edstrate con un t\u00e9cnico de fitness<\/strong>. No te lo pienses, \u00a1reg\u00edstrate y disfruta del entrenamiento sumando <i>moves<\/i>!<\/p><p>Es necesario que introduzcas el mismo correo electr\u00f3nico que nos indicaste cuando te inscribiste en el CEM Bac de Roda.<\/p><p>Si no nos facilitaste ning\u00fan correo, p\u00e1sate por recepci\u00f3n y en un momento lo apuntamos.<\/p><p>Gestiona un estilo de vida sano y activo en cualquier lugar y momento<\/p><p>\u00a1Entra en mywellness!<\/p>\t\t\t\t\t\t\t\t<\/div>\n\t\t\t\t<\/div>\n\t\t\t\t<\/div>\n\t\t<div class=\"elementor-element elementor-element-56e7b0ff e-con-full e-flex e-con e-child\" data-id=\"56e7b0ff\" data-element_type=\"container\" data-e-type=\"container\" data-settings=\"{&quot;background_background&quot;:&quot;classic&quot;}\">\n\t\t\t\t<div class=\"elementor-element elementor-element-29472916 elementor-widget elementor-widget-text-editor\" data-id=\"29472916\" data-element_type=\"widget\" data-e-type=\"widget\" data-widget_type=\"text-editor.default\">\n\t\t\t\t<div class=\"elementor-widget-container\">\n\t\t\t\t\t\t\t\t\t<p><strong><a href=\"https:\/\/www.mywellness.com\/cloud\/User\/RegisterUser\/?\" target=\"_blank\" rel=\"noopener\">Reg\u00edstrate aqu\u00ed<\/a><\/strong><\/p><p>\u00a1Es muy r\u00e1pido!<\/p>\t\t\t\t\t\t\t\t<\/div>\n\t\t\t\t<\/div>\n\t\t\t\t<div class=\"elementor-element elementor-element-1498c0b7 elementor-widget elementor-widget-text-editor\" data-id=\"1498c0b7\" data-element_type=\"widget\" data-e-type=\"widget\" data-widget_type=\"text-editor.default\">\n\t\t\t\t<div class=\"elementor-widget-container\">\n\t\t\t\t\t\t\t\t\t<p><strong>DESC\u00c1RGATE LA APP EN 1 MINUTO<\/strong><\/p>\t\t\t\t\t\t\t\t<\/div>\n\t\t\t\t<\/div>\n\t\t\t\t<div class=\"elementor-element elementor-element-758d0f9a elementor-widget-mobile__width-inherit elementor-widget elementor-widget-image\" data-id=\"758d0f9a\" data-element_type=\"widget\" data-e-type=\"widget\" data-widget_type=\"image.default\">\n\t\t\t\t<div class=\"elementor-widget-container\">\n\t\t\t\t\t\t\t\t\t\t\t\t\t\t\t\t<a href=\"https:\/\/play.google.com\/store\/apps\/details?id=com.technogym.tgapp\">\n\t\t\t\t\t\t\t<img decoding=\"async\" width=\"210\" height=\"62\" src=\"https:\/\/bacderodasport.com\/wp-content\/uploads\/sites\/39\/2022\/12\/google-play-cet10-jupiter.gif\" class=\"attachment-large size-large wp-image-19651\" alt=\"google play\" \/>\t\t\t\t\t\t\t\t<\/a>\n\t\t\t\t\t\t\t\t\t\t\t\t\t\t\t<\/div>\n\t\t\t\t<\/div>\n\t\t\t\t<div class=\"elementor-element elementor-element-7ee97523 elementor-widget-mobile__width-inherit elementor-widget elementor-widget-image\" data-id=\"7ee97523\" data-element_type=\"widget\" data-e-type=\"widget\" data-widget_type=\"image.default\">\n\t\t\t\t<div class=\"elementor-widget-container\">\n\t\t\t\t\t\t\t\t\t\t\t\t\t\t\t\t<a href=\"https:\/\/apps.apple.com\/es\/app\/technogym-app-gym-y-casa\/id976506047\">\n\t\t\t\t\t\t\t<img decoding=\"async\" width=\"209\" height=\"69\" src=\"https:\/\/bacderodasport.com\/wp-content\/uploads\/sites\/39\/2025\/09\/app-mobil-app-store-malilla.jpg\" class=\"attachment-large size-large wp-image-137116\" alt=\"\" \/>\t\t\t\t\t\t\t\t<\/a>\n\t\t\t\t\t\t\t\t\t\t\t\t\t\t\t<\/div>\n\t\t\t\t<\/div>\n\t\t\t\t<\/div>\n\t\t\t\t\t<\/div>\n\t\t\t\t<\/div>\n\t\t<div class=\"elementor-element elementor-element-7afa841 e-con-full e-flex e-con e-child\" data-id=\"7afa841\" data-element_type=\"container\" data-e-type=\"container\" data-settings=\"{&quot;position&quot;:&quot;fixed&quot;}\">\n\t\t\t\t<div class=\"elementor-element elementor-element-c78d017 elementor-view-default elementor-widget elementor-widget-icon\" data-id=\"c78d017\" data-element_type=\"widget\" data-e-type=\"widget\" data-widget_type=\"icon.default\">\n\t\t\t\t<div class=\"elementor-widget-container\">\n\t\t\t\t\t\t\t<div class=\"elementor-icon-wrapper\">\n\t\t\t<a class=\"elementor-icon\" href=\"https:\/\/api.whatsapp.com\/send?phone=34663892904\">\n\t\t\t<svg xmlns=\"http:\/\/www.w3.org\/2000\/svg\" xmlns:xlink=\"http:\/\/www.w3.org\/1999\/xlink\" id=\"Layer_1\" style=\"enable-background:new 0 0 1000 1000;\" viewBox=\"0 0 1000 1000\" xml:space=\"preserve\"><style type=\"text\/css\">\t.st0{fill:#25D366;}\t.st1{fill-rule:evenodd;clip-rule:evenodd;fill:#FFFFFF;}<\/style><title><\/title><g><path class=\"st0\" d=\"M500,1000L500,1000C223.9,1000,0,776.1,0,500v0C0,223.9,223.9,0,500,0h0c276.1,0,500,223.9,500,500v0   C1000,776.1,776.1,1000,500,1000z\"><\/path><g><g id=\"WA_Logo\"><g><path class=\"st1\" d=\"M733.9,267.2c-62-62.1-144.6-96.3-232.5-96.4c-181.1,0-328.6,147.4-328.6,328.6      c0,57.9,15.1,114.5,43.9,164.3L170.1,834l174.2-45.7c48,26.2,102,40,157,40h0.1c0,0,0,0,0,0c181.1,0,328.5-147.4,328.6-328.6      C830.1,411.9,796,329.3,733.9,267.2z M501.5,772.8h-0.1c-49,0-97.1-13.2-139-38.1l-10-5.9L249,755.9l27.6-100.8l-6.5-10.3      c-27.3-43.5-41.8-93.7-41.8-145.4c0.1-150.6,122.6-273.1,273.3-273.1c73,0,141.5,28.5,193.1,80.1c51.6,51.6,80,120.3,79.9,193.2      C774.6,650.3,652,772.8,501.5,772.8z M651.3,568.2c-8.2-4.1-48.6-24-56.1-26.7c-7.5-2.7-13-4.1-18.5,4.1      c-5.5,8.2-21.2,26.7-26,32.2c-4.8,5.5-9.6,6.2-17.8,2.1c-8.2-4.1-34.7-12.8-66-40.8c-24.4-21.8-40.9-48.7-45.7-56.9      c-4.8-8.2-0.5-12.7,3.6-16.8c3.7-3.7,8.2-9.6,12.3-14.4c4.1-4.8,5.5-8.2,8.2-13.7c2.7-5.5,1.4-10.3-0.7-14.4      c-2.1-4.1-18.5-44.5-25.3-61c-6.7-16-13.4-13.8-18.5-14.1c-4.8-0.2-10.3-0.3-15.7-0.3c-5.5,0-14.4,2.1-21.9,10.3      c-7.5,8.2-28.7,28.1-28.7,68.5c0,40.4,29.4,79.5,33.5,84.9c4.1,5.5,57.9,88.4,140.3,124c19.6,8.5,34.9,13.5,46.8,17.3      c19.7,6.3,37.6,5.4,51.7,3.3c15.8-2.4,48.6-19.9,55.4-39c6.8-19.2,6.8-35.6,4.8-39C665,574.4,659.5,572.4,651.3,568.2z\"><\/path><\/g><\/g><\/g><\/g><\/svg>\t\t\t<\/a>\n\t\t<\/div>\n\t\t\t\t\t\t<\/div>\n\t\t\t\t<\/div>\n\t\t\t\t<\/div>\n\t\t<div class=\"elementor-element elementor-element-e0840d3 e-flex e-con-boxed e-con e-parent\" data-id=\"e0840d3\" data-element_type=\"container\" data-e-type=\"container\">\n\t\t\t\t\t<div class=\"e-con-inner\">\n\t\t\t\t<div class=\"elementor-element elementor-element-aecb0e2 elementor-widget elementor-widget-html\" data-id=\"aecb0e2\" data-element_type=\"widget\" data-e-type=\"widget\" data-widget_type=\"html.default\">\n\t\t\t\t<div class=\"elementor-widget-container\">\n\t\t\t\t\t<style> \n\n\n\n\n\/* Fletxa per pujar p\u00e0gina *\/\n\n.scroll-top.on {\n    display: none\n}\n\n<\/style>\t\t\t\t<\/div>\n\t\t\t\t<\/div>\n\t\t\t\t\t<\/div>\n\t\t\t\t<\/div>\n\t\t\t\t<\/div>\n\t\t","protected":false},"excerpt":{"rendered":"<p>App Mywellness, deporte dentro y fuera del gimnasio Utiliza nuestra app dentro y fuera del gimnasio Mywellness es la app del CEM Bac de Roda con la que podr\u00e1s monitorizar tu actividad f\u00edsica dentro y fuera del centro. \u00a1Adem\u00e1s, podr\u00e1s participar en retos deportivos y ganar premios haciendo lo que m\u00e1s te gusta, practicar deporte!&hellip;<\/p>\n","protected":false},"author":88,"featured_media":0,"parent":0,"menu_order":0,"comment_status":"closed","ping_status":"closed","template":"","meta":{"footnotes":""},"class_list":["post-137218","page","type-page","status-publish","hentry"],"yoast_head":"<!-- This site is optimized with the Yoast SEO plugin v26.8 - https:\/\/yoast.com\/product\/yoast-seo-wordpress\/ -->\n<title>Mywellness - Bac de Roda Sport<\/title>\n<meta name=\"robots\" content=\"index, follow, max-snippet:-1, max-image-preview:large, max-video-preview:-1\" \/>\n<link rel=\"canonical\" href=\"https:\/\/bacderodasport.com\/es\/mywellness\/\" \/>\n<meta property=\"og:locale\" content=\"es_ES\" \/>\n<meta property=\"og:type\" content=\"article\" \/>\n<meta property=\"og:title\" content=\"Mywellness - Bac de Roda Sport\" \/>\n<meta property=\"og:description\" content=\"App Mywellness, deporte dentro y fuera del gimnasio Utiliza nuestra app dentro y fuera del gimnasio Mywellness es la app del CEM Bac de Roda con la que podr\u00e1s monitorizar tu actividad f\u00edsica dentro y fuera del centro. \u00a1Adem\u00e1s, podr\u00e1s participar en retos deportivos y ganar premios haciendo lo que m\u00e1s te gusta, practicar deporte!&hellip;\" \/>\n<meta property=\"og:url\" content=\"https:\/\/bacderodasport.com\/es\/mywellness\/\" \/>\n<meta property=\"og:site_name\" content=\"Bac de Roda Sport\" \/>\n<meta property=\"article:modified_time\" content=\"2025-10-13T07:26:34+00:00\" \/>\n<meta property=\"og:image\" content=\"https:\/\/bacderodasport.com\/wp-content\/uploads\/sites\/39\/2022\/12\/google-play-cet10-jupiter.gif\" \/>\n\t<meta property=\"og:image:width\" content=\"210\" \/>\n\t<meta property=\"og:image:height\" content=\"62\" \/>\n\t<meta property=\"og:image:type\" content=\"image\/gif\" \/>\n<meta name=\"twitter:card\" content=\"summary_large_image\" \/>\n<meta name=\"twitter:label1\" content=\"Tiempo de lectura\" \/>\n\t<meta name=\"twitter:data1\" content=\"2 minutos\" \/>\n<script type=\"application\/ld+json\" class=\"yoast-schema-graph\">{\"@context\":\"https:\/\/schema.org\",\"@graph\":[{\"@type\":\"WebPage\",\"@id\":\"https:\/\/bacderodasport.com\/es\/mywellness\/\",\"url\":\"https:\/\/bacderodasport.com\/es\/mywellness\/\",\"name\":\"Mywellness - Bac de Roda Sport\",\"isPartOf\":{\"@id\":\"https:\/\/bacderodasport.com\/es\/#website\"},\"primaryImageOfPage\":{\"@id\":\"https:\/\/bacderodasport.com\/es\/mywellness\/#primaryimage\"},\"image\":{\"@id\":\"https:\/\/bacderodasport.com\/es\/mywellness\/#primaryimage\"},\"thumbnailUrl\":\"https:\/\/bacderodasport.com\/wp-content\/uploads\/sites\/39\/2022\/12\/google-play-cet10-jupiter.gif\",\"datePublished\":\"2025-09-02T11:41:42+00:00\",\"dateModified\":\"2025-10-13T07:26:34+00:00\",\"breadcrumb\":{\"@id\":\"https:\/\/bacderodasport.com\/es\/mywellness\/#breadcrumb\"},\"inLanguage\":\"es\",\"potentialAction\":[{\"@type\":\"ReadAction\",\"target\":[\"https:\/\/bacderodasport.com\/es\/mywellness\/\"]}]},{\"@type\":\"ImageObject\",\"inLanguage\":\"es\",\"@id\":\"https:\/\/bacderodasport.com\/es\/mywellness\/#primaryimage\",\"url\":\"https:\/\/bacderodasport.com\/wp-content\/uploads\/sites\/39\/2022\/12\/google-play-cet10-jupiter.gif\",\"contentUrl\":\"https:\/\/bacderodasport.com\/wp-content\/uploads\/sites\/39\/2022\/12\/google-play-cet10-jupiter.gif\"},{\"@type\":\"BreadcrumbList\",\"@id\":\"https:\/\/bacderodasport.com\/es\/mywellness\/#breadcrumb\",\"itemListElement\":[{\"@type\":\"ListItem\",\"position\":1,\"name\":\"Portada\",\"item\":\"https:\/\/bacderodasport.com\/es\/\"},{\"@type\":\"ListItem\",\"position\":2,\"name\":\"Mywellness\"}]},{\"@type\":\"WebSite\",\"@id\":\"https:\/\/bacderodasport.com\/es\/#website\",\"url\":\"https:\/\/bacderodasport.com\/es\/\",\"name\":\"Bac de Roda Sport\",\"description\":\"Centre Esportiu Municipal\",\"publisher\":{\"@id\":\"https:\/\/bacderodasport.com\/es\/#organization\"},\"potentialAction\":[{\"@type\":\"SearchAction\",\"target\":{\"@type\":\"EntryPoint\",\"urlTemplate\":\"https:\/\/bacderodasport.com\/es\/?s={search_term_string}\"},\"query-input\":{\"@type\":\"PropertyValueSpecification\",\"valueRequired\":true,\"valueName\":\"search_term_string\"}}],\"inLanguage\":\"es\"},{\"@type\":\"Organization\",\"@id\":\"https:\/\/bacderodasport.com\/es\/#organization\",\"name\":\"CEM J\u00fapiter\",\"url\":\"https:\/\/bacderodasport.com\/es\/\",\"logo\":{\"@type\":\"ImageObject\",\"inLanguage\":\"es\",\"@id\":\"https:\/\/bacderodasport.com\/es\/#\/schema\/logo\/image\/\",\"url\":\"https:\/\/bacderodasport.com\/wp-content\/uploads\/sites\/39\/2022\/01\/logo-bac-de-roda-horitzontal-online-web-desktop.png\",\"contentUrl\":\"https:\/\/bacderodasport.com\/wp-content\/uploads\/sites\/39\/2022\/01\/logo-bac-de-roda-horitzontal-online-web-desktop.png\",\"width\":264,\"height\":76,\"caption\":\"CEM J\u00fapiter\"},\"image\":{\"@id\":\"https:\/\/bacderodasport.com\/es\/#\/schema\/logo\/image\/\"}}]}<\/script>\n<!-- \/ Yoast SEO plugin. -->","yoast_head_json":{"title":"Mywellness - Bac de Roda Sport","robots":{"index":"index","follow":"follow","max-snippet":"max-snippet:-1","max-image-preview":"max-image-preview:large","max-video-preview":"max-video-preview:-1"},"canonical":"https:\/\/bacderodasport.com\/es\/mywellness\/","og_locale":"es_ES","og_type":"article","og_title":"Mywellness - Bac de Roda Sport","og_description":"App Mywellness, deporte dentro y fuera del gimnasio Utiliza nuestra app dentro y fuera del gimnasio Mywellness es la app del CEM Bac de Roda con la que podr\u00e1s monitorizar tu actividad f\u00edsica dentro y fuera del centro. \u00a1Adem\u00e1s, podr\u00e1s participar en retos deportivos y ganar premios haciendo lo que m\u00e1s te gusta, practicar deporte!&hellip;","og_url":"https:\/\/bacderodasport.com\/es\/mywellness\/","og_site_name":"Bac de Roda Sport","article_modified_time":"2025-10-13T07:26:34+00:00","og_image":[{"width":210,"height":62,"url":"https:\/\/bacderodasport.com\/wp-content\/uploads\/sites\/39\/2022\/12\/google-play-cet10-jupiter.gif","type":"image\/gif"}],"twitter_card":"summary_large_image","twitter_misc":{"Tiempo de lectura":"2 minutos"},"schema":{"@context":"https:\/\/schema.org","@graph":[{"@type":"WebPage","@id":"https:\/\/bacderodasport.com\/es\/mywellness\/","url":"https:\/\/bacderodasport.com\/es\/mywellness\/","name":"Mywellness - Bac de Roda Sport","isPartOf":{"@id":"https:\/\/bacderodasport.com\/es\/#website"},"primaryImageOfPage":{"@id":"https:\/\/bacderodasport.com\/es\/mywellness\/#primaryimage"},"image":{"@id":"https:\/\/bacderodasport.com\/es\/mywellness\/#primaryimage"},"thumbnailUrl":"https:\/\/bacderodasport.com\/wp-content\/uploads\/sites\/39\/2022\/12\/google-play-cet10-jupiter.gif","datePublished":"2025-09-02T11:41:42+00:00","dateModified":"2025-10-13T07:26:34+00:00","breadcrumb":{"@id":"https:\/\/bacderodasport.com\/es\/mywellness\/#breadcrumb"},"inLanguage":"es","potentialAction":[{"@type":"ReadAction","target":["https:\/\/bacderodasport.com\/es\/mywellness\/"]}]},{"@type":"ImageObject","inLanguage":"es","@id":"https:\/\/bacderodasport.com\/es\/mywellness\/#primaryimage","url":"https:\/\/bacderodasport.com\/wp-content\/uploads\/sites\/39\/2022\/12\/google-play-cet10-jupiter.gif","contentUrl":"https:\/\/bacderodasport.com\/wp-content\/uploads\/sites\/39\/2022\/12\/google-play-cet10-jupiter.gif"},{"@type":"BreadcrumbList","@id":"https:\/\/bacderodasport.com\/es\/mywellness\/#breadcrumb","itemListElement":[{"@type":"ListItem","position":1,"name":"Portada","item":"https:\/\/bacderodasport.com\/es\/"},{"@type":"ListItem","position":2,"name":"Mywellness"}]},{"@type":"WebSite","@id":"https:\/\/bacderodasport.com\/es\/#website","url":"https:\/\/bacderodasport.com\/es\/","name":"Bac de Roda Sport","description":"Centre Esportiu Municipal","publisher":{"@id":"https:\/\/bacderodasport.com\/es\/#organization"},"potentialAction":[{"@type":"SearchAction","target":{"@type":"EntryPoint","urlTemplate":"https:\/\/bacderodasport.com\/es\/?s={search_term_string}"},"query-input":{"@type":"PropertyValueSpecification","valueRequired":true,"valueName":"search_term_string"}}],"inLanguage":"es"},{"@type":"Organization","@id":"https:\/\/bacderodasport.com\/es\/#organization","name":"CEM J\u00fapiter","url":"https:\/\/bacderodasport.com\/es\/","logo":{"@type":"ImageObject","inLanguage":"es","@id":"https:\/\/bacderodasport.com\/es\/#\/schema\/logo\/image\/","url":"https:\/\/bacderodasport.com\/wp-content\/uploads\/sites\/39\/2022\/01\/logo-bac-de-roda-horitzontal-online-web-desktop.png","contentUrl":"https:\/\/bacderodasport.com\/wp-content\/uploads\/sites\/39\/2022\/01\/logo-bac-de-roda-horitzontal-online-web-desktop.png","width":264,"height":76,"caption":"CEM J\u00fapiter"},"image":{"@id":"https:\/\/bacderodasport.com\/es\/#\/schema\/logo\/image\/"}}]}},"_links":{"self":[{"href":"https:\/\/bacderodasport.com\/es\/wp-json\/wp\/v2\/pages\/137218","targetHints":{"allow":["GET"]}}],"collection":[{"href":"https:\/\/bacderodasport.com\/es\/wp-json\/wp\/v2\/pages"}],"about":[{"href":"https:\/\/bacderodasport.com\/es\/wp-json\/wp\/v2\/types\/page"}],"author":[{"embeddable":true,"href":"https:\/\/bacderodasport.com\/es\/wp-json\/wp\/v2\/users\/88"}],"replies":[{"embeddable":true,"href":"https:\/\/bacderodasport.com\/es\/wp-json\/wp\/v2\/comments?post=137218"}],"version-history":[{"count":0,"href":"https:\/\/bacderodasport.com\/es\/wp-json\/wp\/v2\/pages\/137218\/revisions"}],"wp:attachment":[{"href":"https:\/\/bacderodasport.com\/es\/wp-json\/wp\/v2\/media?parent=137218"}],"curies":[{"name":"wp","href":"https:\/\/api.w.org\/{rel}","templated":true}]}}