{"id":137537,"date":"2025-09-04T18:11:46","date_gmt":"2025-09-04T16:11:46","guid":{"rendered":"https:\/\/bacderodasport.com\/?page_id=137537"},"modified":"2026-03-16T13:43:16","modified_gmt":"2026-03-16T12:43:16","slug":"area-de-clientes","status":"publish","type":"page","link":"https:\/\/bacderodasport.com\/es\/area-de-clientes\/","title":{"rendered":"\u00c1rea cliente"},"content":{"rendered":"\t\t<div data-elementor-type=\"wp-page\" data-elementor-id=\"137537\" class=\"elementor elementor-137537 elementor-137525\" data-elementor-post-type=\"page\">\n\t\t\t\t<div class=\"elementor-element elementor-element-7eda84f3 e-con-full full-width e-flex e-con e-parent\" data-id=\"7eda84f3\" data-element_type=\"container\" data-e-type=\"container\" data-settings=\"{&quot;background_background&quot;:&quot;classic&quot;}\">\n\t\t<div class=\"elementor-element elementor-element-5bb6863b e-con-full e-flex e-con e-child\" data-id=\"5bb6863b\" data-element_type=\"container\" data-e-type=\"container\" data-settings=\"{&quot;background_background&quot;:&quot;classic&quot;}\">\n\t\t\t\t<div class=\"elementor-element elementor-element-71cde4c4 elementor-widget elementor-widget-heading\" data-id=\"71cde4c4\" data-element_type=\"widget\" data-e-type=\"widget\" data-widget_type=\"heading.default\">\n\t\t\t\t<div class=\"elementor-widget-container\">\n\t\t\t\t\t<h1 class=\"elementor-heading-title elementor-size-default\">\u00c1rea cliente: realiza tus gestiones online<\/h1>\t\t\t\t<\/div>\n\t\t\t\t<\/div>\n\t\t\t\t<\/div>\n\t\t\t\t<\/div>\n\t\t<div class=\"elementor-element elementor-element-7f6ba464 e-flex e-con-boxed e-con e-parent\" data-id=\"7f6ba464\" data-element_type=\"container\" data-e-type=\"container\">\n\t\t\t\t\t<div class=\"e-con-inner\">\n\t\t<div class=\"elementor-element elementor-element-1d524e6f e-con-full e-flex e-con e-child\" data-id=\"1d524e6f\" data-element_type=\"container\" data-e-type=\"container\">\n\t\t\t\t<div class=\"elementor-element elementor-element-4721b450 elementor-widget elementor-widget-heading\" data-id=\"4721b450\" data-element_type=\"widget\" data-e-type=\"widget\" data-widget_type=\"heading.default\">\n\t\t\t\t<div class=\"elementor-widget-container\">\n\t\t\t\t\t<h2 class=\"elementor-heading-title elementor-size-default\">Ap\u00fantate o realiza tus gestiones<\/h2>\t\t\t\t<\/div>\n\t\t\t\t<\/div>\n\t\t\t\t<div class=\"elementor-element elementor-element-5fb2039e elementor-widget elementor-widget-text-editor\" data-id=\"5fb2039e\" data-element_type=\"widget\" data-e-type=\"widget\" data-widget_type=\"text-editor.default\">\n\t\t\t\t<div class=\"elementor-widget-container\">\n\t\t\t\t\t\t\t\t\t<div class=\"wpb_text_column wpb_content_element vc_custom_1673860743214\"><div class=\"wpb_wrapper\"><p>Te damos la bienvenida a tu zona personal. Entra con tu usuario y contrase\u00f1a para gestionar tus tr\u00e1mites o date de alta como nuevo usuario para apuntarte en el centro. Para una buena navegaci\u00f3n, os recomendamos utilizar el navegador\u00a0<strong><a href=\"https:\/\/www.google.com\/chrome\/\" target=\"_blank\" rel=\"noopener\">Google Chrome.<\/a><\/strong><\/p><\/div><\/div><div class=\"wpb_text_column wpb_content_element \"><div class=\"wpb_wrapper\"><div class=\"inner\"><div class=\"left-column\"><div class=\"brcm-pagina-region\"><div class=\"brcm-pagina-element\"><div class=\"brcm-generic-element-with-images-on-the-right\"><div class=\"brcm-body\"><p>A trav\u00e9s del \u00e1rea de clientes podr\u00e1s acceder online a tu perfil de abonado\/da del\u00a0<strong>CEM\u00a0Bac de Roda<\/strong>\u00a0y:<\/p><\/div><\/div><\/div><\/div><\/div><\/div><\/div><\/div>\t\t\t\t\t\t\t\t<\/div>\n\t\t\t\t<\/div>\n\t\t\t\t<div class=\"elementor-element elementor-element-3a96dc29 elementor-icon-list--layout-traditional elementor-list-item-link-full_width elementor-widget elementor-widget-icon-list\" data-id=\"3a96dc29\" data-element_type=\"widget\" data-e-type=\"widget\" data-widget_type=\"icon-list.default\">\n\t\t\t\t<div class=\"elementor-widget-container\">\n\t\t\t\t\t\t\t<ul class=\"elementor-icon-list-items\">\n\t\t\t\t\t\t\t<li class=\"elementor-icon-list-item\">\n\t\t\t\t\t\t\t\t\t\t\t<span class=\"elementor-icon-list-icon\">\n\t\t\t\t\t\t\t<i aria-hidden=\"true\" class=\"fas fa-chevron-circle-right\"><\/i>\t\t\t\t\t\t<\/span>\n\t\t\t\t\t\t\t\t\t\t<span class=\"elementor-icon-list-text\">Consultar y modificar todos tus datos personales y de contacto.<\/span>\n\t\t\t\t\t\t\t\t\t<\/li>\n\t\t\t\t\t\t\t\t<li class=\"elementor-icon-list-item\">\n\t\t\t\t\t\t\t\t\t\t\t<span class=\"elementor-icon-list-icon\">\n\t\t\t\t\t\t\t<i aria-hidden=\"true\" class=\"fas fa-chevron-circle-right\"><\/i>\t\t\t\t\t\t<\/span>\n\t\t\t\t\t\t\t\t\t\t<span class=\"elementor-icon-list-text\">Revisar tus recibos y tipolog\u00eda de abono.<\/span>\n\t\t\t\t\t\t\t\t\t<\/li>\n\t\t\t\t\t\t\t\t<li class=\"elementor-icon-list-item\">\n\t\t\t\t\t\t\t\t\t\t\t<span class=\"elementor-icon-list-icon\">\n\t\t\t\t\t\t\t<i aria-hidden=\"true\" class=\"fas fa-chevron-circle-right\"><\/i>\t\t\t\t\t\t<\/span>\n\t\t\t\t\t\t\t\t\t\t<span class=\"elementor-icon-list-text\">Inscribirte en las actividades infantiles y\/o cursillos.<\/span>\n\t\t\t\t\t\t\t\t\t<\/li>\n\t\t\t\t\t\t<\/ul>\n\t\t\t\t\t\t<\/div>\n\t\t\t\t<\/div>\n\t\t\t\t<div class=\"elementor-element elementor-element-61cbc15a elementor-widget elementor-widget-text-editor\" data-id=\"61cbc15a\" data-element_type=\"widget\" data-e-type=\"widget\" data-widget_type=\"text-editor.default\">\n\t\t\t\t<div class=\"elementor-widget-container\">\n\t\t\t\t\t\t\t\t\t<p>\u00bfTienes alguna duda? Puedes preguntarnos en la<strong>\u00a0recepci\u00f3n del centro,<\/strong>\u00a0llamarnos al tel\u00e9fono 932 663 445 o enviarnos un correo electr\u00f3nico a<strong>\u00a0<a href=\"mailto:info@bacderodasport.com\">info@bacderodasport.com.<\/a><\/strong><\/p>\t\t\t\t\t\t\t\t<\/div>\n\t\t\t\t<\/div>\n\t\t\t\t<\/div>\n\t\t<div class=\"elementor-element elementor-element-24ae3494 e-con-full e-flex e-con e-child\" data-id=\"24ae3494\" data-element_type=\"container\" data-e-type=\"container\">\n\t\t\t\t<div class=\"elementor-element elementor-element-6070bca7 elementor-align-justify elementor-mobile-align-justify elementor-widget elementor-widget-button\" data-id=\"6070bca7\" data-element_type=\"widget\" data-e-type=\"widget\" data-widget_type=\"button.default\">\n\t\t\t\t<div class=\"elementor-widget-container\">\n\t\t\t\t\t\t\t\t\t<div class=\"elementor-button-wrapper\">\n\t\t\t\t\t<a class=\"elementor-button elementor-button-link elementor-size-md\" href=\"https:\/\/cet10bdr.deporsite.net\/alta-abonados\">\n\t\t\t\t\t\t<span class=\"elementor-button-content-wrapper\">\n\t\t\t\t\t\t\t\t\t<span class=\"elementor-button-text\">DATE DE ALTA ONLINE<\/span>\n\t\t\t\t\t<\/span>\n\t\t\t\t\t<\/a>\n\t\t\t\t<\/div>\n\t\t\t\t\t\t\t\t<\/div>\n\t\t\t\t<\/div>\n\t\t\t\t<div class=\"elementor-element elementor-element-73e5ad58 elementor-align-justify elementor-mobile-align-justify elementor-widget elementor-widget-button\" data-id=\"73e5ad58\" data-element_type=\"widget\" data-e-type=\"widget\" data-widget_type=\"button.default\">\n\t\t\t\t<div class=\"elementor-widget-container\">\n\t\t\t\t\t\t\t\t\t<div class=\"elementor-button-wrapper\">\n\t\t\t\t\t<a class=\"elementor-button elementor-button-link elementor-size-md\" href=\"https:\/\/cet10bdr.deporsite.net\/\">\n\t\t\t\t\t\t<span class=\"elementor-button-content-wrapper\">\n\t\t\t\t\t\t\t\t\t<span class=\"elementor-button-text\">\u00c1REA DE CLIENTES<\/span>\n\t\t\t\t\t<\/span>\n\t\t\t\t\t<\/a>\n\t\t\t\t<\/div>\n\t\t\t\t\t\t\t\t<\/div>\n\t\t\t\t<\/div>\n\t\t\t\t<div class=\"elementor-element elementor-element-465bba46 elementor-widget elementor-widget-image\" data-id=\"465bba46\" data-element_type=\"widget\" data-e-type=\"widget\" data-widget_type=\"image.default\">\n\t\t\t\t<div class=\"elementor-widget-container\">\n\t\t\t\t\t\t\t\t\t\t\t\t\t\t\t<img fetchpriority=\"high\" decoding=\"async\" width=\"650\" height=\"363\" src=\"https:\/\/bacderodasport.com\/wp-content\/uploads\/sites\/39\/2018\/11\/area-clientes-cem-maresme.jpg\" class=\"attachment-large size-large wp-image-1477\" alt=\"\u00c0rea de clients\" srcset=\"https:\/\/bacderodasport.com\/wp-content\/uploads\/sites\/39\/2018\/11\/area-clientes-cem-maresme.jpg 650w, https:\/\/bacderodasport.com\/wp-content\/uploads\/sites\/39\/2018\/11\/area-clientes-cem-maresme-300x168.jpg 300w, https:\/\/bacderodasport.com\/wp-content\/uploads\/sites\/39\/2018\/11\/area-clientes-cem-maresme-600x335.jpg 600w\" sizes=\"(max-width: 650px) 100vw, 650px\" \/>\t\t\t\t\t\t\t\t\t\t\t\t\t\t\t<\/div>\n\t\t\t\t<\/div>\n\t\t\t\t<\/div>\n\t\t\t\t\t<\/div>\n\t\t\t\t<\/div>\n\t\t<div class=\"elementor-element elementor-element-7249107e e-flex e-con-boxed e-con e-parent\" data-id=\"7249107e\" data-element_type=\"container\" data-e-type=\"container\">\n\t\t\t\t\t<div class=\"e-con-inner\">\n\t\t\t\t<div class=\"elementor-element elementor-element-2d327e06 elementor-widget elementor-widget-html\" data-id=\"2d327e06\" data-element_type=\"widget\" data-e-type=\"widget\" data-widget_type=\"html.default\">\n\t\t\t\t<div class=\"elementor-widget-container\">\n\t\t\t\t\t\n<style> \n\n\/* Fletxa per pujar p\u00e0gina deshabilitada *\/\n\n.scroll-top.on {\n    display: none\n}\n\n<\/style>\t\t\t\t<\/div>\n\t\t\t\t<\/div>\n\t\t\t\t\t<\/div>\n\t\t\t\t<\/div>\n\t\t<div class=\"elementor-element elementor-element-5d9f03b6 e-con-fit e-flex e-con e-parent\" data-id=\"5d9f03b6\" data-element_type=\"container\" data-e-type=\"container\" data-settings=\"{&quot;position&quot;:&quot;fixed&quot;}\">\n\t\t\t\t<div class=\"elementor-element elementor-element-59a8a7ca elementor-view-default elementor-widget elementor-widget-icon\" data-id=\"59a8a7ca\" data-element_type=\"widget\" data-e-type=\"widget\" id=\"boto-whatsapp\" data-widget_type=\"icon.default\">\n\t\t\t\t<div class=\"elementor-widget-container\">\n\t\t\t\t\t\t\t<div class=\"elementor-icon-wrapper\">\n\t\t\t<a class=\"elementor-icon\" href=\"https:\/\/api.whatsapp.com\/send?phone=34663892904\">\n\t\t\t<svg xmlns=\"http:\/\/www.w3.org\/2000\/svg\" xmlns:xlink=\"http:\/\/www.w3.org\/1999\/xlink\" id=\"Layer_1\" style=\"enable-background:new 0 0 1000 1000;\" viewBox=\"0 0 1000 1000\" xml:space=\"preserve\"><style type=\"text\/css\">\t.st0{fill:#25D366;}\t.st1{fill-rule:evenodd;clip-rule:evenodd;fill:#FFFFFF;}<\/style><title><\/title><g><path class=\"st0\" d=\"M500,1000L500,1000C223.9,1000,0,776.1,0,500v0C0,223.9,223.9,0,500,0h0c276.1,0,500,223.9,500,500v0   C1000,776.1,776.1,1000,500,1000z\"><\/path><g><g id=\"WA_Logo\"><g><path class=\"st1\" d=\"M733.9,267.2c-62-62.1-144.6-96.3-232.5-96.4c-181.1,0-328.6,147.4-328.6,328.6      c0,57.9,15.1,114.5,43.9,164.3L170.1,834l174.2-45.7c48,26.2,102,40,157,40h0.1c0,0,0,0,0,0c181.1,0,328.5-147.4,328.6-328.6      C830.1,411.9,796,329.3,733.9,267.2z M501.5,772.8h-0.1c-49,0-97.1-13.2-139-38.1l-10-5.9L249,755.9l27.6-100.8l-6.5-10.3      c-27.3-43.5-41.8-93.7-41.8-145.4c0.1-150.6,122.6-273.1,273.3-273.1c73,0,141.5,28.5,193.1,80.1c51.6,51.6,80,120.3,79.9,193.2      C774.6,650.3,652,772.8,501.5,772.8z M651.3,568.2c-8.2-4.1-48.6-24-56.1-26.7c-7.5-2.7-13-4.1-18.5,4.1      c-5.5,8.2-21.2,26.7-26,32.2c-4.8,5.5-9.6,6.2-17.8,2.1c-8.2-4.1-34.7-12.8-66-40.8c-24.4-21.8-40.9-48.7-45.7-56.9      c-4.8-8.2-0.5-12.7,3.6-16.8c3.7-3.7,8.2-9.6,12.3-14.4c4.1-4.8,5.5-8.2,8.2-13.7c2.7-5.5,1.4-10.3-0.7-14.4      c-2.1-4.1-18.5-44.5-25.3-61c-6.7-16-13.4-13.8-18.5-14.1c-4.8-0.2-10.3-0.3-15.7-0.3c-5.5,0-14.4,2.1-21.9,10.3      c-7.5,8.2-28.7,28.1-28.7,68.5c0,40.4,29.4,79.5,33.5,84.9c4.1,5.5,57.9,88.4,140.3,124c19.6,8.5,34.9,13.5,46.8,17.3      c19.7,6.3,37.6,5.4,51.7,3.3c15.8-2.4,48.6-19.9,55.4-39c6.8-19.2,6.8-35.6,4.8-39C665,574.4,659.5,572.4,651.3,568.2z\"><\/path><\/g><\/g><\/g><\/g><\/svg>\t\t\t<\/a>\n\t\t<\/div>\n\t\t\t\t\t\t<\/div>\n\t\t\t\t<\/div>\n\t\t\t\t<\/div>\n\t\t\t\t<\/div>\n\t\t","protected":false},"excerpt":{"rendered":"<p>\u00c1rea cliente: realiza tus gestiones online Ap\u00fantate o realiza tus gestiones Te damos la bienvenida a tu zona personal. Entra con tu usuario y contrase\u00f1a para gestionar tus tr\u00e1mites o date de alta como nuevo usuario para apuntarte en el centro. Para una buena navegaci\u00f3n, os recomendamos utilizar el navegador\u00a0Google Chrome. A trav\u00e9s del \u00e1rea&hellip;<\/p>\n","protected":false},"author":67,"featured_media":1477,"parent":0,"menu_order":0,"comment_status":"closed","ping_status":"closed","template":"","meta":{"footnotes":""},"class_list":["post-137537","page","type-page","status-publish","has-post-thumbnail","hentry"],"yoast_head":"<!-- This site is optimized with the Yoast SEO plugin v26.8 - https:\/\/yoast.com\/product\/yoast-seo-wordpress\/ -->\n<title>\u00c1rea de clientes | Date de alta online - CEM Bac de Roda<\/title>\n<meta name=\"description\" content=\"\u00c1rea de clientes: en tu zona personal podr\u00e1s darte de alta al centro o realizar cualquier de tus tr\u00e1mites como abonado o abonada del CEM Bac de Roda\" \/>\n<meta name=\"robots\" content=\"index, follow, max-snippet:-1, max-image-preview:large, max-video-preview:-1\" \/>\n<link rel=\"canonical\" href=\"https:\/\/bacderodasport.com\/es\/area-de-clientes\/\" \/>\n<meta property=\"og:locale\" content=\"es_ES\" \/>\n<meta property=\"og:type\" content=\"article\" \/>\n<meta property=\"og:title\" content=\"\u00c1rea de clientes | Date de alta online - CEM Bac de Roda\" \/>\n<meta property=\"og:description\" content=\"\u00c1rea de clientes: en tu zona personal podr\u00e1s darte de alta al centro o realizar cualquier de tus tr\u00e1mites como abonado o abonada del CEM Bac de Roda\" \/>\n<meta property=\"og:url\" content=\"https:\/\/bacderodasport.com\/es\/area-de-clientes\/\" \/>\n<meta property=\"og:site_name\" content=\"Bac de Roda Sport\" \/>\n<meta property=\"article:modified_time\" content=\"2026-03-16T12:43:16+00:00\" \/>\n<meta property=\"og:image\" content=\"https:\/\/bacderodasport.com\/wp-content\/uploads\/sites\/39\/2018\/11\/area-clientes-cem-maresme.jpg\" \/>\n\t<meta property=\"og:image:width\" content=\"650\" \/>\n\t<meta property=\"og:image:height\" content=\"363\" \/>\n\t<meta property=\"og:image:type\" content=\"image\/jpeg\" \/>\n<meta name=\"twitter:card\" content=\"summary_large_image\" \/>\n<meta name=\"twitter:label1\" content=\"Tiempo de lectura\" \/>\n\t<meta name=\"twitter:data1\" content=\"1 minuto\" \/>\n<script type=\"application\/ld+json\" class=\"yoast-schema-graph\">{\"@context\":\"https:\/\/schema.org\",\"@graph\":[{\"@type\":\"WebPage\",\"@id\":\"https:\/\/bacderodasport.com\/es\/area-de-clientes\/\",\"url\":\"https:\/\/bacderodasport.com\/es\/area-de-clientes\/\",\"name\":\"\u00c1rea de clientes | Date de alta online - CEM Bac de Roda\",\"isPartOf\":{\"@id\":\"https:\/\/bacderodasport.com\/es\/#website\"},\"primaryImageOfPage\":{\"@id\":\"https:\/\/bacderodasport.com\/es\/area-de-clientes\/#primaryimage\"},\"image\":{\"@id\":\"https:\/\/bacderodasport.com\/es\/area-de-clientes\/#primaryimage\"},\"thumbnailUrl\":\"https:\/\/bacderodasport.com\/wp-content\/uploads\/sites\/39\/2018\/11\/area-clientes-cem-maresme.jpg\",\"datePublished\":\"2025-09-04T16:11:46+00:00\",\"dateModified\":\"2026-03-16T12:43:16+00:00\",\"description\":\"\u00c1rea de clientes: en tu zona personal podr\u00e1s darte de alta al centro o realizar cualquier de tus tr\u00e1mites como abonado o abonada del CEM Bac de Roda\",\"breadcrumb\":{\"@id\":\"https:\/\/bacderodasport.com\/es\/area-de-clientes\/#breadcrumb\"},\"inLanguage\":\"es\",\"potentialAction\":[{\"@type\":\"ReadAction\",\"target\":[\"https:\/\/bacderodasport.com\/es\/area-de-clientes\/\"]}]},{\"@type\":\"ImageObject\",\"inLanguage\":\"es\",\"@id\":\"https:\/\/bacderodasport.com\/es\/area-de-clientes\/#primaryimage\",\"url\":\"https:\/\/bacderodasport.com\/wp-content\/uploads\/sites\/39\/2018\/11\/area-clientes-cem-maresme.jpg\",\"contentUrl\":\"https:\/\/bacderodasport.com\/wp-content\/uploads\/sites\/39\/2018\/11\/area-clientes-cem-maresme.jpg\",\"width\":650,\"height\":363,\"caption\":\"\u00c0rea de clients\"},{\"@type\":\"BreadcrumbList\",\"@id\":\"https:\/\/bacderodasport.com\/es\/area-de-clientes\/#breadcrumb\",\"itemListElement\":[{\"@type\":\"ListItem\",\"position\":1,\"name\":\"Portada\",\"item\":\"https:\/\/bacderodasport.com\/es\/\"},{\"@type\":\"ListItem\",\"position\":2,\"name\":\"\u00c1rea cliente\"}]},{\"@type\":\"WebSite\",\"@id\":\"https:\/\/bacderodasport.com\/es\/#website\",\"url\":\"https:\/\/bacderodasport.com\/es\/\",\"name\":\"Bac de Roda Sport\",\"description\":\"Centre Esportiu Municipal\",\"publisher\":{\"@id\":\"https:\/\/bacderodasport.com\/es\/#organization\"},\"potentialAction\":[{\"@type\":\"SearchAction\",\"target\":{\"@type\":\"EntryPoint\",\"urlTemplate\":\"https:\/\/bacderodasport.com\/es\/?s={search_term_string}\"},\"query-input\":{\"@type\":\"PropertyValueSpecification\",\"valueRequired\":true,\"valueName\":\"search_term_string\"}}],\"inLanguage\":\"es\"},{\"@type\":\"Organization\",\"@id\":\"https:\/\/bacderodasport.com\/es\/#organization\",\"name\":\"CEM J\u00fapiter\",\"url\":\"https:\/\/bacderodasport.com\/es\/\",\"logo\":{\"@type\":\"ImageObject\",\"inLanguage\":\"es\",\"@id\":\"https:\/\/bacderodasport.com\/es\/#\/schema\/logo\/image\/\",\"url\":\"https:\/\/bacderodasport.com\/wp-content\/uploads\/sites\/39\/2022\/01\/logo-bac-de-roda-horitzontal-online-web-desktop.png\",\"contentUrl\":\"https:\/\/bacderodasport.com\/wp-content\/uploads\/sites\/39\/2022\/01\/logo-bac-de-roda-horitzontal-online-web-desktop.png\",\"width\":264,\"height\":76,\"caption\":\"CEM J\u00fapiter\"},\"image\":{\"@id\":\"https:\/\/bacderodasport.com\/es\/#\/schema\/logo\/image\/\"}}]}<\/script>\n<!-- \/ Yoast SEO plugin. -->","yoast_head_json":{"title":"\u00c1rea de clientes | Date de alta online - CEM Bac de Roda","description":"\u00c1rea de clientes: en tu zona personal podr\u00e1s darte de alta al centro o realizar cualquier de tus tr\u00e1mites como abonado o abonada del CEM Bac de Roda","robots":{"index":"index","follow":"follow","max-snippet":"max-snippet:-1","max-image-preview":"max-image-preview:large","max-video-preview":"max-video-preview:-1"},"canonical":"https:\/\/bacderodasport.com\/es\/area-de-clientes\/","og_locale":"es_ES","og_type":"article","og_title":"\u00c1rea de clientes | Date de alta online - CEM Bac de Roda","og_description":"\u00c1rea de clientes: en tu zona personal podr\u00e1s darte de alta al centro o realizar cualquier de tus tr\u00e1mites como abonado o abonada del CEM Bac de Roda","og_url":"https:\/\/bacderodasport.com\/es\/area-de-clientes\/","og_site_name":"Bac de Roda Sport","article_modified_time":"2026-03-16T12:43:16+00:00","og_image":[{"width":650,"height":363,"url":"https:\/\/bacderodasport.com\/wp-content\/uploads\/sites\/39\/2018\/11\/area-clientes-cem-maresme.jpg","type":"image\/jpeg"}],"twitter_card":"summary_large_image","twitter_misc":{"Tiempo de lectura":"1 minuto"},"schema":{"@context":"https:\/\/schema.org","@graph":[{"@type":"WebPage","@id":"https:\/\/bacderodasport.com\/es\/area-de-clientes\/","url":"https:\/\/bacderodasport.com\/es\/area-de-clientes\/","name":"\u00c1rea de clientes | Date de alta online - CEM Bac de Roda","isPartOf":{"@id":"https:\/\/bacderodasport.com\/es\/#website"},"primaryImageOfPage":{"@id":"https:\/\/bacderodasport.com\/es\/area-de-clientes\/#primaryimage"},"image":{"@id":"https:\/\/bacderodasport.com\/es\/area-de-clientes\/#primaryimage"},"thumbnailUrl":"https:\/\/bacderodasport.com\/wp-content\/uploads\/sites\/39\/2018\/11\/area-clientes-cem-maresme.jpg","datePublished":"2025-09-04T16:11:46+00:00","dateModified":"2026-03-16T12:43:16+00:00","description":"\u00c1rea de clientes: en tu zona personal podr\u00e1s darte de alta al centro o realizar cualquier de tus tr\u00e1mites como abonado o abonada del CEM Bac de Roda","breadcrumb":{"@id":"https:\/\/bacderodasport.com\/es\/area-de-clientes\/#breadcrumb"},"inLanguage":"es","potentialAction":[{"@type":"ReadAction","target":["https:\/\/bacderodasport.com\/es\/area-de-clientes\/"]}]},{"@type":"ImageObject","inLanguage":"es","@id":"https:\/\/bacderodasport.com\/es\/area-de-clientes\/#primaryimage","url":"https:\/\/bacderodasport.com\/wp-content\/uploads\/sites\/39\/2018\/11\/area-clientes-cem-maresme.jpg","contentUrl":"https:\/\/bacderodasport.com\/wp-content\/uploads\/sites\/39\/2018\/11\/area-clientes-cem-maresme.jpg","width":650,"height":363,"caption":"\u00c0rea de clients"},{"@type":"BreadcrumbList","@id":"https:\/\/bacderodasport.com\/es\/area-de-clientes\/#breadcrumb","itemListElement":[{"@type":"ListItem","position":1,"name":"Portada","item":"https:\/\/bacderodasport.com\/es\/"},{"@type":"ListItem","position":2,"name":"\u00c1rea cliente"}]},{"@type":"WebSite","@id":"https:\/\/bacderodasport.com\/es\/#website","url":"https:\/\/bacderodasport.com\/es\/","name":"Bac de Roda Sport","description":"Centre Esportiu Municipal","publisher":{"@id":"https:\/\/bacderodasport.com\/es\/#organization"},"potentialAction":[{"@type":"SearchAction","target":{"@type":"EntryPoint","urlTemplate":"https:\/\/bacderodasport.com\/es\/?s={search_term_string}"},"query-input":{"@type":"PropertyValueSpecification","valueRequired":true,"valueName":"search_term_string"}}],"inLanguage":"es"},{"@type":"Organization","@id":"https:\/\/bacderodasport.com\/es\/#organization","name":"CEM J\u00fapiter","url":"https:\/\/bacderodasport.com\/es\/","logo":{"@type":"ImageObject","inLanguage":"es","@id":"https:\/\/bacderodasport.com\/es\/#\/schema\/logo\/image\/","url":"https:\/\/bacderodasport.com\/wp-content\/uploads\/sites\/39\/2022\/01\/logo-bac-de-roda-horitzontal-online-web-desktop.png","contentUrl":"https:\/\/bacderodasport.com\/wp-content\/uploads\/sites\/39\/2022\/01\/logo-bac-de-roda-horitzontal-online-web-desktop.png","width":264,"height":76,"caption":"CEM J\u00fapiter"},"image":{"@id":"https:\/\/bacderodasport.com\/es\/#\/schema\/logo\/image\/"}}]}},"_links":{"self":[{"href":"https:\/\/bacderodasport.com\/es\/wp-json\/wp\/v2\/pages\/137537","targetHints":{"allow":["GET"]}}],"collection":[{"href":"https:\/\/bacderodasport.com\/es\/wp-json\/wp\/v2\/pages"}],"about":[{"href":"https:\/\/bacderodasport.com\/es\/wp-json\/wp\/v2\/types\/page"}],"author":[{"embeddable":true,"href":"https:\/\/bacderodasport.com\/es\/wp-json\/wp\/v2\/users\/67"}],"replies":[{"embeddable":true,"href":"https:\/\/bacderodasport.com\/es\/wp-json\/wp\/v2\/comments?post=137537"}],"version-history":[{"count":3,"href":"https:\/\/bacderodasport.com\/es\/wp-json\/wp\/v2\/pages\/137537\/revisions"}],"predecessor-version":[{"id":145638,"href":"https:\/\/bacderodasport.com\/es\/wp-json\/wp\/v2\/pages\/137537\/revisions\/145638"}],"wp:featuredmedia":[{"embeddable":true,"href":"https:\/\/bacderodasport.com\/es\/wp-json\/wp\/v2\/media\/1477"}],"wp:attachment":[{"href":"https:\/\/bacderodasport.com\/es\/wp-json\/wp\/v2\/media?parent=137537"}],"curies":[{"name":"wp","href":"https:\/\/api.w.org\/{rel}","templated":true}]}}