{"id":25512,"date":"2023-07-17T09:55:55","date_gmt":"2023-07-17T07:55:55","guid":{"rendered":"https:\/\/bacderodasport.com\/activitats-dirigides-copy\/"},"modified":"2026-03-16T12:29:44","modified_gmt":"2026-03-16T11:29:44","slug":"actividades-dirigidas","status":"publish","type":"page","link":"https:\/\/bacderodasport.com\/es\/actividades-dirigidas\/","title":{"rendered":"Actividades dirigidas"},"content":{"rendered":"<div class=\"wpb-content-wrapper\"><p>[vc_row full_width=\u00bbstretch_row_content_no_spaces\u00bb css=\u00bb.vc_custom_1689930070608{margin-bottom: -30px !important;background-image: url(https:\/\/bacderodasport.com\/wp-content\/uploads\/sites\/39\/2023\/07\/P_21_NOU-HEADER_1920-X-600-PX-1.webp?id=25037) !important;background-position: center !important;background-repeat: no-repeat !important;background-size: cover !important;}\u00bb][vc_column offset=\u00bbvc_hidden-lg vc_hidden-md vc_hidden-sm\u00bb css=\u00bb.vc_custom_1678193107420{margin-bottom: -10px !important;}\u00bb][vc_column_text css=\u00bb.vc_custom_1692273398569{padding-top: 68px !important;padding-bottom: 68px !important;}\u00bb]<\/p>\n<p style=\"text-align: center; font-family: Roboto; font-size: 35px; line-height: 40px;\"><span style=\"color: #ffffff;\"><strong>Horarios de actividades dirigidas<br \/>\n<\/strong><\/span><\/p>\n<p>[\/vc_column_text][\/vc_column][\/vc_row][vc_row full_width=\u00bbstretch_row_content_no_spaces\u00bb css=\u00bb.vc_custom_1689928839298{margin-bottom: 45px !important;background-image: url(https:\/\/bacderodasport.com\/wp-content\/uploads\/sites\/39\/2023\/07\/P_21_NOU-HEADER_1920-X-600-PX-1.webp?id=25037) !important;background-position: center !important;background-repeat: no-repeat !important;background-size: cover !important;}\u00bb][vc_column offset=\u00bbvc_hidden-xs\u00bb][vc_custom_heading text=\u00bbHorarios de actividades dirigidas\u00bb font_container=\u00bbtag:h1|font_size:50px|text_align:center|color:%23ffffff|line_height:60px\u00bb use_theme_fonts=\u00bbyes\u00bb css=\u00bb.vc_custom_1692273407254{padding-top: 151px !important;padding-bottom: 160px !important;}\u00bb][\/vc_column][\/vc_row][vc_row css=\u00bb.vc_custom_1689935378033{margin-top: -10px !important;margin-bottom: -1px !important;}\u00bb][vc_column width=\u00bb2\/3&#8243;][vc_column_text css=\u00bb.vc_custom_1692693862810{margin-top: -10px !important;margin-bottom: 20px !important;}\u00bb]A continuaci\u00f3n, consulta los horarios de las actividades dirigidas y cycling del CEM Bac de Roda y, si dispones de la cuota CET10 Pass, tambi\u00e9n tienes los horarios de clases de los centros de fitness CET10: CEM J\u00fapiter y CEM Maresme.[\/vc_column_text]<style type=\"text\/css\" data-type=\"the7_shortcodes-inline-css\">#default-btn-700a573684ed2bee9dacd5cf1ec6d103 {\n  border-radius: 50px;\n  font-size: 15px;\n  line-height: 17px;\n}\n.btn-shadow#default-btn-700a573684ed2bee9dacd5cf1ec6d103 {\n  box-shadow: 0 1px 6px rgba(0,0,0,0.12);\n  transition: box-shadow 0.2s ease-out, opacity 0.45s;\n}\n.btn-shadow#default-btn-700a573684ed2bee9dacd5cf1ec6d103:hover {\n  box-shadow: 0 5px 11px 0 rgba(0,0,0,0.18), 0 4px 15px 0 rgba(0,0,0,0.15);\n}\n.btn-3d#default-btn-700a573684ed2bee9dacd5cf1ec6d103 {\n  box-shadow: 0px 2px 0px 0px #ae7013;\n}\n.btn-3d#default-btn-700a573684ed2bee9dacd5cf1ec6d103:hover {\n  box-shadow: 0px 2px 0px 0px #9e6112;\n}\n.btn-flat#default-btn-700a573684ed2bee9dacd5cf1ec6d103 {\n  box-shadow: none;\n}\n.btn-flat#default-btn-700a573684ed2bee9dacd5cf1ec6d103:hover {\n  box-shadow: none;\n}\n#default-btn-700a573684ed2bee9dacd5cf1ec6d103.ico-right-side > i {\n  margin-right: 0px;\n  margin-left: 8px;\n}\n#default-btn-700a573684ed2bee9dacd5cf1ec6d103 > i {\n  margin-right: 8px;\n  font-size: 12px;\n}\n#default-btn-700a573684ed2bee9dacd5cf1ec6d103:not(:hover) {\n  border-width: 0px;\n  color: #000000;\n  background: #ff9900 !important;\n  padding: 15px 18px 15px 18px;\n}\n#default-btn-700a573684ed2bee9dacd5cf1ec6d103:not(:hover) * {\n  color: #000000;\n}\n#default-btn-700a573684ed2bee9dacd5cf1ec6d103:hover {\n  border-width: 0px;\n  color: #000000;\n  background: #ed8600 !important;\n  padding: 15px 18px 15px 18px;\n}\n#default-btn-700a573684ed2bee9dacd5cf1ec6d103:hover * {\n  color: #000000;\n}\n#default-btn-700a573684ed2bee9dacd5cf1ec6d103.ico-right-side > i {\n  margin-right: 0px;\n  margin-left: 8px;\n}\n#default-btn-700a573684ed2bee9dacd5cf1ec6d103 > i {\n  margin-right: 8px;\n}<\/style><div class=\"btn-align-center\"><a href=\"https:\/\/bacderodasport.com\/wp-content\/uploads\/sites\/39\/2026\/01\/BDR26_Activitats_dirigides_7_gener.pdf\" class=\"default-btn-shortcode dt-btn link-hover-off btn-flat  vc_custom_1773660565683\" id=\"default-btn-700a573684ed2bee9dacd5cf1ec6d103\" style=\"width:550px;\"><span>HORARIOS DE ACTIVIDADES DIRIGIDAS Y CET10 PASS<\/span><\/a><\/div><style type=\"text\/css\" data-type=\"the7_shortcodes-inline-css\">#default-btn-a3008f5fb9d8541b65f2ab6b28e4626a {\n  border-radius: 50px;\n  font-size: 15px;\n  line-height: 17px;\n}\n.btn-shadow#default-btn-a3008f5fb9d8541b65f2ab6b28e4626a {\n  box-shadow: 0 1px 6px rgba(0,0,0,0.12);\n  transition: box-shadow 0.2s ease-out, opacity 0.45s;\n}\n.btn-shadow#default-btn-a3008f5fb9d8541b65f2ab6b28e4626a:hover {\n  box-shadow: 0 5px 11px 0 rgba(0,0,0,0.18), 0 4px 15px 0 rgba(0,0,0,0.15);\n}\n.btn-3d#default-btn-a3008f5fb9d8541b65f2ab6b28e4626a {\n  box-shadow: 0px 2px 0px 0px #323232;\n}\n.btn-3d#default-btn-a3008f5fb9d8541b65f2ab6b28e4626a:hover {\n  box-shadow: 0px 2px 0px 0px #000000;\n}\n.btn-flat#default-btn-a3008f5fb9d8541b65f2ab6b28e4626a {\n  box-shadow: none;\n}\n.btn-flat#default-btn-a3008f5fb9d8541b65f2ab6b28e4626a:hover {\n  box-shadow: none;\n}\n#default-btn-a3008f5fb9d8541b65f2ab6b28e4626a.ico-right-side > i {\n  margin-right: 0px;\n  margin-left: 8px;\n}\n#default-btn-a3008f5fb9d8541b65f2ab6b28e4626a > i {\n  margin-right: 8px;\n  font-size: 12px;\n}\n#default-btn-a3008f5fb9d8541b65f2ab6b28e4626a:not(:hover) {\n  border-width: 0px;\n  background: #515151 !important;\n  padding: 15px 18px 15px 18px;\n}\n#default-btn-a3008f5fb9d8541b65f2ab6b28e4626a:hover {\n  border-width: 0px;\n  background: #000000 !important;\n  padding: 15px 18px 15px 18px;\n}\n#default-btn-a3008f5fb9d8541b65f2ab6b28e4626a.ico-right-side > i {\n  margin-right: 0px;\n  margin-left: 8px;\n}\n#default-btn-a3008f5fb9d8541b65f2ab6b28e4626a > i {\n  margin-right: 8px;\n}<\/style><div class=\"btn-align-center\"><a href=\"https:\/\/bacderodasport.com\/wp-content\/uploads\/sites\/39\/2026\/01\/BDR26_Cycling_7-gener.pdf\" class=\"default-btn-shortcode dt-btn link-hover-off btn-flat  vc_custom_1773660575209\" id=\"default-btn-a3008f5fb9d8541b65f2ab6b28e4626a\" style=\"width:550px;\"><span>PROGRAMACI\u00d3N DE CYCLING Y CET10 PASS<\/span><\/a><\/div>[vc_row_inner][vc_column_inner offset=\u00bbvc_hidden-lg vc_hidden-md vc_hidden-sm\u00bb][vc_single_image image=\u00bb25514&#8243; img_size=\u00bbfull\u00bb alignment=\u00bbcenter\u00bb onclick=\u00bbcustom_link\u00bb css=\u00bb.vc_custom_1692273880304{margin-bottom: 45px !important;}\u00bb link=\u00bbhttps:\/\/cet10bdr.deporsite.net\/reserva-clases\u00bb][\/vc_column_inner][\/vc_row_inner][vc_column_text css=\u00bb.vc_custom_1756109515780{margin-top: -10px !important;margin-bottom: 20px !important;}\u00bb]En nuestro centro tenemos actividades para todos los niveles como pilates, bodypump, yoga, cycling, souldbody, step, zumba y bodycombat, entre otras. <strong>Consulta la descripci\u00f3n, objetivos y nivel de dificultad<\/strong> de todas las actividades dirigidas <strong><a href=\"https:\/\/bacderodasport.com\/wp-content\/uploads\/sites\/39\/2025\/08\/CORP25_Activitats-dirigides-nivells-i-dificultat.pdf\">aqu\u00ed.<\/a><\/strong><\/p>\n<p><strong>Reserva tu plaza de manera online<\/strong> accediendo al \u00e1rea de cliente o a trav\u00e9s del link en la imagen de esta p\u00e1gina.<\/p>\n<p>\u00bfQuieres tener acceso total a los centros de fitness CET10 CEM Bac de Roda, CEM J\u00fapiter y CEM Maresme? <strong>Date de alta de manera r\u00e1pida<\/strong> <strong><a href=\"https:\/\/cet10bdr.deporsite.net\/alta-abonados\">aqu\u00ed.<\/a><\/strong>[\/vc_column_text][\/vc_column][vc_column width=\u00bb1\/3&#8243; offset=\u00bbvc_hidden-xs\u00bb][vc_single_image image=\u00bb25514&#8243; img_size=\u00bbfull\u00bb alignment=\u00bbcenter\u00bb onclick=\u00bbcustom_link\u00bb link=\u00bbhttps:\/\/cet10bdr.deporsite.net\/reserva-clases\u00bb][\/vc_column][\/vc_row][vc_row][vc_column][vc_raw_html]JTNDYSUyMGhyZWYlM0QlMjJodHRwcyUzQSUyRiUyRndhLm1lJTJGMzQ2NjM4OTI5MDQlM0YlMjIlMjBjbGFzcyUzRCUyMmZsb2F0LXdhJTIyJTIwdGFyZ2V0JTNEJTIyX2JsYW5rJTIyJTNFJTBBJTIwJTIwJTIwJTIwJTNDaSUyMGNsYXNzJTNEJTIyZmElMjBmYS13aGF0c2FwcCUyMiUyMHN0eWxlJTNEJTIybWFyZ2luLXRvcCUzQTE2cHglM0IlMjIlM0UlM0MlMkZpJTNFJTBBJTNDJTJGYSUzRQ==[\/vc_raw_html][\/vc_column][\/vc_row]<\/p>\n<\/div>","protected":false},"excerpt":{"rendered":"<p>[vc_row full_width=\u00bbstretch_row_content_no_spaces\u00bb css=\u00bb.vc_custom_1689930070608{margin-bottom: -30px !important;background-image: url(https:\/\/bacderodasport.com\/wp-content\/uploads\/sites\/39\/2023\/07\/P_21_NOU-HEADER_1920-X-600-PX-1.webp?id=25037) !important;background-position: center !important;background-repeat: no-repeat !important;background-size: cover !important;}\u00bb][vc_column offset=\u00bbvc_hidden-lg vc_hidden-md vc_hidden-sm\u00bb css=\u00bb.vc_custom_1678193107420{margin-bottom: -10px !important;}\u00bb][vc_column_text css=\u00bb.vc_custom_1692273398569{padding-top: 68px !important;padding-bottom: 68px !important;}\u00bb] Horarios de actividades dirigidas [\/vc_column_text][\/vc_column][\/vc_row][vc_row full_width=\u00bbstretch_row_content_no_spaces\u00bb css=\u00bb.vc_custom_1689928839298{margin-bottom: 45px !important;background-image: url(https:\/\/bacderodasport.com\/wp-content\/uploads\/sites\/39\/2023\/07\/P_21_NOU-HEADER_1920-X-600-PX-1.webp?id=25037) !important;background-position: center !important;background-repeat: no-repeat !important;background-size: cover !important;}\u00bb][vc_column offset=\u00bbvc_hidden-xs\u00bb][vc_custom_heading text=\u00bbHorarios de actividades dirigidas\u00bb font_container=\u00bbtag:h1|font_size:50px|text_align:center|color:%23ffffff|line_height:60px\u00bb use_theme_fonts=\u00bbyes\u00bb css=\u00bb.vc_custom_1692273407254{padding-top: 151px !important;padding-bottom: 160px !important;}\u00bb][\/vc_column][\/vc_row][vc_row css=\u00bb.vc_custom_1689935378033{margin-top: -10px&hellip;<\/p>\n","protected":false},"author":67,"featured_media":0,"parent":0,"menu_order":0,"comment_status":"closed","ping_status":"closed","template":"","meta":{"footnotes":""},"class_list":["post-25512","page","type-page","status-publish","hentry","description-off"],"yoast_head":"<!-- This site is optimized with the Yoast SEO plugin v26.8 - https:\/\/yoast.com\/product\/yoast-seo-wordpress\/ -->\n<title>Actividades dirigidas - Consulta el horario aqu\u00ed - CEM Bac de Roda<\/title>\n<meta name=\"description\" content=\"Actividades dirigidas: \u00a1consulta el horario de las clases del CEM Bac de Roda! Adaptadas a todos los niveles y necesidades. \u00a1Ven a probarlas!\" \/>\n<meta name=\"robots\" content=\"index, follow, max-snippet:-1, max-image-preview:large, max-video-preview:-1\" \/>\n<link rel=\"canonical\" href=\"https:\/\/bacderodasport.com\/es\/actividades-dirigidas\/\" \/>\n<meta property=\"og:locale\" content=\"es_ES\" \/>\n<meta property=\"og:type\" content=\"article\" \/>\n<meta property=\"og:title\" content=\"Actividades dirigidas - Consulta el horario aqu\u00ed - CEM Bac de Roda\" \/>\n<meta property=\"og:description\" content=\"Actividades dirigidas: \u00a1consulta el horario de las clases del CEM Bac de Roda! Adaptadas a todos los niveles y necesidades. \u00a1Ven a probarlas!\" \/>\n<meta property=\"og:url\" content=\"https:\/\/bacderodasport.com\/es\/actividades-dirigidas\/\" \/>\n<meta property=\"og:site_name\" content=\"Bac de Roda Sport\" \/>\n<meta property=\"article:modified_time\" content=\"2026-03-16T11:29:44+00:00\" \/>\n<meta name=\"twitter:card\" content=\"summary_large_image\" \/>\n<meta name=\"twitter:label1\" content=\"Tiempo de lectura\" \/>\n\t<meta name=\"twitter:data1\" content=\"2 minutos\" \/>\n<script type=\"application\/ld+json\" class=\"yoast-schema-graph\">{\"@context\":\"https:\/\/schema.org\",\"@graph\":[{\"@type\":\"WebPage\",\"@id\":\"https:\/\/bacderodasport.com\/es\/actividades-dirigidas\/\",\"url\":\"https:\/\/bacderodasport.com\/es\/actividades-dirigidas\/\",\"name\":\"Actividades dirigidas - Consulta el horario aqu\u00ed - CEM Bac de Roda\",\"isPartOf\":{\"@id\":\"https:\/\/bacderodasport.com\/es\/#website\"},\"datePublished\":\"2023-07-17T07:55:55+00:00\",\"dateModified\":\"2026-03-16T11:29:44+00:00\",\"description\":\"Actividades dirigidas: \u00a1consulta el horario de las clases del CEM Bac de Roda! Adaptadas a todos los niveles y necesidades. \u00a1Ven a probarlas!\",\"breadcrumb\":{\"@id\":\"https:\/\/bacderodasport.com\/es\/actividades-dirigidas\/#breadcrumb\"},\"inLanguage\":\"es\",\"potentialAction\":[{\"@type\":\"ReadAction\",\"target\":[\"https:\/\/bacderodasport.com\/es\/actividades-dirigidas\/\"]}]},{\"@type\":\"BreadcrumbList\",\"@id\":\"https:\/\/bacderodasport.com\/es\/actividades-dirigidas\/#breadcrumb\",\"itemListElement\":[{\"@type\":\"ListItem\",\"position\":1,\"name\":\"Portada\",\"item\":\"https:\/\/bacderodasport.com\/es\/\"},{\"@type\":\"ListItem\",\"position\":2,\"name\":\"Actividades dirigidas\"}]},{\"@type\":\"WebSite\",\"@id\":\"https:\/\/bacderodasport.com\/es\/#website\",\"url\":\"https:\/\/bacderodasport.com\/es\/\",\"name\":\"Bac de Roda Sport\",\"description\":\"Centre Esportiu Municipal\",\"publisher\":{\"@id\":\"https:\/\/bacderodasport.com\/es\/#organization\"},\"potentialAction\":[{\"@type\":\"SearchAction\",\"target\":{\"@type\":\"EntryPoint\",\"urlTemplate\":\"https:\/\/bacderodasport.com\/es\/?s={search_term_string}\"},\"query-input\":{\"@type\":\"PropertyValueSpecification\",\"valueRequired\":true,\"valueName\":\"search_term_string\"}}],\"inLanguage\":\"es\"},{\"@type\":\"Organization\",\"@id\":\"https:\/\/bacderodasport.com\/es\/#organization\",\"name\":\"CEM J\u00fapiter\",\"url\":\"https:\/\/bacderodasport.com\/es\/\",\"logo\":{\"@type\":\"ImageObject\",\"inLanguage\":\"es\",\"@id\":\"https:\/\/bacderodasport.com\/es\/#\/schema\/logo\/image\/\",\"url\":\"https:\/\/bacderodasport.com\/wp-content\/uploads\/sites\/39\/2022\/01\/logo-bac-de-roda-horitzontal-online-web-desktop.png\",\"contentUrl\":\"https:\/\/bacderodasport.com\/wp-content\/uploads\/sites\/39\/2022\/01\/logo-bac-de-roda-horitzontal-online-web-desktop.png\",\"width\":264,\"height\":76,\"caption\":\"CEM J\u00fapiter\"},\"image\":{\"@id\":\"https:\/\/bacderodasport.com\/es\/#\/schema\/logo\/image\/\"}}]}<\/script>\n<!-- \/ Yoast SEO plugin. -->","yoast_head_json":{"title":"Actividades dirigidas - Consulta el horario aqu\u00ed - CEM Bac de Roda","description":"Actividades dirigidas: \u00a1consulta el horario de las clases del CEM Bac de Roda! Adaptadas a todos los niveles y necesidades. \u00a1Ven a probarlas!","robots":{"index":"index","follow":"follow","max-snippet":"max-snippet:-1","max-image-preview":"max-image-preview:large","max-video-preview":"max-video-preview:-1"},"canonical":"https:\/\/bacderodasport.com\/es\/actividades-dirigidas\/","og_locale":"es_ES","og_type":"article","og_title":"Actividades dirigidas - Consulta el horario aqu\u00ed - CEM Bac de Roda","og_description":"Actividades dirigidas: \u00a1consulta el horario de las clases del CEM Bac de Roda! Adaptadas a todos los niveles y necesidades. \u00a1Ven a probarlas!","og_url":"https:\/\/bacderodasport.com\/es\/actividades-dirigidas\/","og_site_name":"Bac de Roda Sport","article_modified_time":"2026-03-16T11:29:44+00:00","twitter_card":"summary_large_image","twitter_misc":{"Tiempo de lectura":"2 minutos"},"schema":{"@context":"https:\/\/schema.org","@graph":[{"@type":"WebPage","@id":"https:\/\/bacderodasport.com\/es\/actividades-dirigidas\/","url":"https:\/\/bacderodasport.com\/es\/actividades-dirigidas\/","name":"Actividades dirigidas - Consulta el horario aqu\u00ed - CEM Bac de Roda","isPartOf":{"@id":"https:\/\/bacderodasport.com\/es\/#website"},"datePublished":"2023-07-17T07:55:55+00:00","dateModified":"2026-03-16T11:29:44+00:00","description":"Actividades dirigidas: \u00a1consulta el horario de las clases del CEM Bac de Roda! Adaptadas a todos los niveles y necesidades. \u00a1Ven a probarlas!","breadcrumb":{"@id":"https:\/\/bacderodasport.com\/es\/actividades-dirigidas\/#breadcrumb"},"inLanguage":"es","potentialAction":[{"@type":"ReadAction","target":["https:\/\/bacderodasport.com\/es\/actividades-dirigidas\/"]}]},{"@type":"BreadcrumbList","@id":"https:\/\/bacderodasport.com\/es\/actividades-dirigidas\/#breadcrumb","itemListElement":[{"@type":"ListItem","position":1,"name":"Portada","item":"https:\/\/bacderodasport.com\/es\/"},{"@type":"ListItem","position":2,"name":"Actividades dirigidas"}]},{"@type":"WebSite","@id":"https:\/\/bacderodasport.com\/es\/#website","url":"https:\/\/bacderodasport.com\/es\/","name":"Bac de Roda Sport","description":"Centre Esportiu Municipal","publisher":{"@id":"https:\/\/bacderodasport.com\/es\/#organization"},"potentialAction":[{"@type":"SearchAction","target":{"@type":"EntryPoint","urlTemplate":"https:\/\/bacderodasport.com\/es\/?s={search_term_string}"},"query-input":{"@type":"PropertyValueSpecification","valueRequired":true,"valueName":"search_term_string"}}],"inLanguage":"es"},{"@type":"Organization","@id":"https:\/\/bacderodasport.com\/es\/#organization","name":"CEM J\u00fapiter","url":"https:\/\/bacderodasport.com\/es\/","logo":{"@type":"ImageObject","inLanguage":"es","@id":"https:\/\/bacderodasport.com\/es\/#\/schema\/logo\/image\/","url":"https:\/\/bacderodasport.com\/wp-content\/uploads\/sites\/39\/2022\/01\/logo-bac-de-roda-horitzontal-online-web-desktop.png","contentUrl":"https:\/\/bacderodasport.com\/wp-content\/uploads\/sites\/39\/2022\/01\/logo-bac-de-roda-horitzontal-online-web-desktop.png","width":264,"height":76,"caption":"CEM J\u00fapiter"},"image":{"@id":"https:\/\/bacderodasport.com\/es\/#\/schema\/logo\/image\/"}}]}},"_links":{"self":[{"href":"https:\/\/bacderodasport.com\/es\/wp-json\/wp\/v2\/pages\/25512","targetHints":{"allow":["GET"]}}],"collection":[{"href":"https:\/\/bacderodasport.com\/es\/wp-json\/wp\/v2\/pages"}],"about":[{"href":"https:\/\/bacderodasport.com\/es\/wp-json\/wp\/v2\/types\/page"}],"author":[{"embeddable":true,"href":"https:\/\/bacderodasport.com\/es\/wp-json\/wp\/v2\/users\/67"}],"replies":[{"embeddable":true,"href":"https:\/\/bacderodasport.com\/es\/wp-json\/wp\/v2\/comments?post=25512"}],"version-history":[{"count":5,"href":"https:\/\/bacderodasport.com\/es\/wp-json\/wp\/v2\/pages\/25512\/revisions"}],"predecessor-version":[{"id":145566,"href":"https:\/\/bacderodasport.com\/es\/wp-json\/wp\/v2\/pages\/25512\/revisions\/145566"}],"wp:attachment":[{"href":"https:\/\/bacderodasport.com\/es\/wp-json\/wp\/v2\/media?parent=25512"}],"curies":[{"name":"wp","href":"https:\/\/api.w.org\/{rel}","templated":true}]}}